{"id":7372,"date":"2020-05-19T13:04:41","date_gmt":"2020-05-19T11:04:41","guid":{"rendered":"https:\/\/www.csslabs.de\/cms20\/?page_id=7372"},"modified":"2020-11-17T20:34:33","modified_gmt":"2020-11-17T19:34:33","slug":"switchmouse","status":"publish","type":"page","link":"https:\/\/www.csslabs.de\/cms20\/losungen-fur-dich\/sensoren-und-zubehoer\/switchmouse\/","title":{"rendered":"SwitchMouse"},"content":{"rendered":"\t\t<div data-elementor-type=\"wp-post\" data-elementor-id=\"7372\" class=\"elementor elementor-7372\">\n\t\t\t\t\t\t<section class=\"elementor-section elementor-top-section elementor-element elementor-element-f4cec19 elementor-section-height-full elementor-section-boxed elementor-section-height-default elementor-section-items-middle\" data-id=\"f4cec19\" data-element_type=\"section\" data-e-type=\"section\" data-settings=\"{&quot;background_background&quot;:&quot;classic&quot;}\">\n\t\t\t\t\t\t<div class=\"elementor-container elementor-column-gap-no\">\n\t\t\t\t\t<div class=\"rellax elementor-column elementor-col-50 elementor-top-column elementor-element elementor-element-b128f81 elementor-invisible\" data-rellax-speed=\"3.3\" data-id=\"b128f81\" data-element_type=\"column\" data-e-type=\"column\" data-settings=\"{&quot;animation&quot;:&quot;slideInUp&quot;}\">\n\t\t\t<div class=\"elementor-widget-wrap elementor-element-populated\">\n\t\t\t\t\t\t<div class=\"elementor-element elementor-element-8ae2657 section-align-left subtitle-style-none section-size-default elementor-invisible elementor-widget elementor-widget-section-heading\" data-id=\"8ae2657\" data-element_type=\"widget\" data-e-type=\"widget\" data-settings=\"{&quot;_animation&quot;:&quot;fadeIn&quot;}\" data-widget_type=\"section-heading.default\">\n\t\t\t\t<div class=\"elementor-widget-container\">\n\t\t\t\t\t<div class=\"section-heading headingstyle-default\"><div class=\"section-title-wrapper\"><h2 class=\"entry-title section-title\">SwitchMouse<\/h2><\/div><div class=\"section-description clearfix\"><div class=\"section-description-inner\"><p>Maussteuerung mit Tastern und Joystick<\/p>\n<\/div><\/div><div class=\"section-button\"><a  href=\"#SwitchMouse-mehr\"><div class=\"mtheme-button\">Mehr<\/div><\/a><\/div><\/div>\t\t\t\t<\/div>\n\t\t\t\t<\/div>\n\t\t\t\t\t<\/div>\n\t\t<\/div>\n\t\t\t\t<div class=\"rellax elementor-column elementor-col-50 elementor-top-column elementor-element elementor-element-e168f9b elementor-invisible\" data-rellax-speed=\"-4.6\" data-id=\"e168f9b\" data-element_type=\"column\" data-e-type=\"column\" data-settings=\"{&quot;animation&quot;:&quot;slideInUp&quot;}\">\n\t\t\t<div class=\"elementor-widget-wrap elementor-element-populated\">\n\t\t\t\t\t\t<div class=\"elementor-element elementor-element-ed92f88 elementor-widget elementor-widget-image\" data-id=\"ed92f88\" data-element_type=\"widget\" data-e-type=\"widget\" data-widget_type=\"image.default\">\n\t\t\t\t<div class=\"elementor-widget-container\">\n\t\t\t\t\t\t\t\t\t\t\t\t\t\t\t<img fetchpriority=\"high\" decoding=\"async\" width=\"500\" height=\"481\" src=\"https:\/\/www.csslabs.de\/cms20\/wp-content\/uploads\/2020\/10\/Produkt-Slider_SwitchMouse_web2.png\" class=\"attachment-medium_large size-medium_large wp-image-9732\" alt=\"Produktbild SwitchMouse\" srcset=\"https:\/\/www.csslabs.de\/cms20\/wp-content\/uploads\/2020\/10\/Produkt-Slider_SwitchMouse_web2.png 500w, https:\/\/www.csslabs.de\/cms20\/wp-content\/uploads\/2020\/10\/Produkt-Slider_SwitchMouse_web2-300x289.png 300w\" sizes=\"(max-width: 500px) 100vw, 500px\" \/>\t\t\t\t\t\t\t\t\t\t\t\t\t\t\t<\/div>\n\t\t\t\t<\/div>\n\t\t\t\t\t<\/div>\n\t\t<\/div>\n\t\t\t\t\t<\/div>\n\t\t<\/section>\n\t\t\t\t<section class=\"elementor-section elementor-top-section elementor-element elementor-element-7b0444c elementor-section-boxed elementor-section-height-default elementor-section-height-default\" data-id=\"7b0444c\" data-element_type=\"section\" data-e-type=\"section\">\n\t\t\t\t\t\t<div class=\"elementor-container elementor-column-gap-default\">\n\t\t\t\t\t<div class=\"elementor-column elementor-col-100 elementor-top-column elementor-element elementor-element-56f9ebd\" data-id=\"56f9ebd\" data-element_type=\"column\" data-e-type=\"column\">\n\t\t\t<div class=\"elementor-widget-wrap elementor-element-populated\">\n\t\t\t\t\t\t<div class=\"elementor-element elementor-element-788e8e5 elementor-widget elementor-widget-menu-anchor\" data-id=\"788e8e5\" data-element_type=\"widget\" data-e-type=\"widget\" data-widget_type=\"menu-anchor.default\">\n\t\t\t\t<div class=\"elementor-widget-container\">\n\t\t\t\t\t\t\t<div class=\"elementor-menu-anchor\" id=\"SwitchMouse-mehr\"><\/div>\n\t\t\t\t\t\t<\/div>\n\t\t\t\t<\/div>\n\t\t\t\t\t<\/div>\n\t\t<\/div>\n\t\t\t\t\t<\/div>\n\t\t<\/section>\n\t\t\t\t<section class=\"elementor-section elementor-top-section elementor-element elementor-element-a4fad50 elementor-section-boxed elementor-section-height-default elementor-section-height-default\" data-id=\"a4fad50\" data-element_type=\"section\" data-e-type=\"section\" data-settings=\"{&quot;background_background&quot;:&quot;classic&quot;}\">\n\t\t\t\t\t\t<div class=\"elementor-container elementor-column-gap-default\">\n\t\t\t\t\t<div class=\"elementor-column elementor-col-50 elementor-top-column elementor-element elementor-element-1bacf68\" data-id=\"1bacf68\" data-element_type=\"column\" data-e-type=\"column\">\n\t\t\t<div class=\"elementor-widget-wrap elementor-element-populated\">\n\t\t\t\t\t\t<div class=\"elementor-element elementor-element-1746076 animated-slow elementor-invisible elementor-widget elementor-widget-image\" data-id=\"1746076\" data-element_type=\"widget\" data-e-type=\"widget\" data-settings=\"{&quot;_animation&quot;:&quot;zoomIn&quot;}\" data-widget_type=\"image.default\">\n\t\t\t\t<div class=\"elementor-widget-container\">\n\t\t\t\t\t\t\t\t\t\t\t\t\t\t\t<img decoding=\"async\" width=\"550\" height=\"400\" src=\"https:\/\/www.csslabs.de\/cms20\/wp-content\/uploads\/2020\/03\/Produkt_SwitchMouse_web2-1-550x400.png\" class=\"attachment-blacksilver-gridblock-large-portrait size-blacksilver-gridblock-large-portrait wp-image-5631\" alt=\"SwitchMouse\" \/>\t\t\t\t\t\t\t\t\t\t\t\t\t\t\t<\/div>\n\t\t\t\t<\/div>\n\t\t\t\t\t<\/div>\n\t\t<\/div>\n\t\t\t\t<div class=\"elementor-column elementor-col-50 elementor-top-column elementor-element elementor-element-4283ee1\" data-id=\"4283ee1\" data-element_type=\"column\" data-e-type=\"column\">\n\t\t\t<div class=\"elementor-widget-wrap elementor-element-populated\">\n\t\t\t\t\t\t<div class=\"elementor-element elementor-element-34457b5 section-align-left subtitle-style-none section-size-default elementor-invisible elementor-widget elementor-widget-section-heading\" data-id=\"34457b5\" data-element_type=\"widget\" data-e-type=\"widget\" data-settings=\"{&quot;_animation&quot;:&quot;fadeIn&quot;}\" data-widget_type=\"section-heading.default\">\n\t\t\t\t<div class=\"elementor-widget-container\">\n\t\t\t\t\t<div class=\"section-heading headingstyle-default\"><div class=\"section-title-wrapper\"><h2 class=\"entry-title section-title\">Unsere SwitchMouse<\/h2><\/div><div class=\"section-description clearfix\"><div class=\"section-description-inner\"><p>Die SwitchMouse wird anstelle einer normalen Maus am Computer eingesteckt. Die einzelnen Bewegungsrichtungen der normalen Maus werden durch einen Joystick (oder einen anderen Mehrfachsensor) simuliert, der an der SwitchMouse eingesteckt wird. Anstatt die Maus zu bewegen, wird der entsprechende Sensor (rechts, links etc.) bet\u00e4tigt. Die Tasten einer normalen Maus werden durch einzelne Sensoren oder durch die Best\u00e4tigungstaste des Joysticks (sofern vorhanden) ersetzt.<\/p>\n<\/div><\/div><\/div>\t\t\t\t<\/div>\n\t\t\t\t<\/div>\n\t\t\t\t\t<\/div>\n\t\t<\/div>\n\t\t\t\t\t<\/div>\n\t\t<\/section>\n\t\t\t\t<section class=\"elementor-section elementor-top-section elementor-element elementor-element-b346422 elementor-section-full_width elementor-reverse-mobile elementor-section-height-default elementor-section-height-default\" data-id=\"b346422\" data-element_type=\"section\" data-e-type=\"section\" data-settings=\"{&quot;background_background&quot;:&quot;gradient&quot;}\">\n\t\t\t\t\t\t<div class=\"elementor-container elementor-column-gap-no\">\n\t\t\t\t\t<div class=\"elementor-column elementor-col-25 elementor-top-column elementor-element elementor-element-be2514d elementor-hidden-phone\" data-id=\"be2514d\" data-element_type=\"column\" data-e-type=\"column\" data-settings=\"{&quot;background_background&quot;:&quot;classic&quot;}\">\n\t\t\t<div class=\"elementor-widget-wrap\">\n\t\t\t\t\t\t\t<\/div>\n\t\t<\/div>\n\t\t\t\t<div class=\"elementor-column elementor-col-25 elementor-top-column elementor-element elementor-element-35f289c\" data-id=\"35f289c\" data-element_type=\"column\" data-e-type=\"column\" data-settings=\"{&quot;background_background&quot;:&quot;classic&quot;}\">\n\t\t\t<div class=\"elementor-widget-wrap elementor-element-populated\">\n\t\t\t\t\t\t<div class=\"elementor-element elementor-element-ba36fde section-align-left subtitle-style-none section-size-default elementor-invisible elementor-widget elementor-widget-section-heading\" data-id=\"ba36fde\" data-element_type=\"widget\" data-e-type=\"widget\" data-settings=\"{&quot;_animation&quot;:&quot;fadeIn&quot;}\" data-widget_type=\"section-heading.default\">\n\t\t\t\t<div class=\"elementor-widget-container\">\n\t\t\t\t\t<div class=\"section-heading headingstyle-default\"><div class=\"section-title-wrapper\"><h2 class=\"entry-title section-title\">Weitere Infos<\/h2><\/div><h5 class=\"entry-sub-title section-sub-title\">Anschluss an Mac und PC<\/h5><div class=\"section-description clearfix\"><div class=\"section-description-inner\"><p>Die SwitchMouse wird direkt an einen USB-Anschluss des Computers angeschlossen. Sie wird automatisch erkannt, eine Installation von Treibern ist f\u00fcr den normalen Betrieb nicht notwendig. Anschl\u00fcsse von Einfach-Sensoren (z.B. Taster) und Joystick. An der SwitchMouse ist ein neunpoliger D-SUB-Stecker zum Anschluss eines Joysticks und acht seitliche Buchsen zum Anschluss von Einfach-Sensoren mit 3,5 mm-Klinkenstecker angebracht.<\/p>\n<\/div><\/div><\/div>\t\t\t\t<\/div>\n\t\t\t\t<\/div>\n\t\t\t\t\t<\/div>\n\t\t<\/div>\n\t\t\t\t<div class=\"elementor-column elementor-col-25 elementor-top-column elementor-element elementor-element-662fc90\" data-id=\"662fc90\" data-element_type=\"column\" data-e-type=\"column\" data-settings=\"{&quot;background_background&quot;:&quot;classic&quot;}\">\n\t\t\t<div class=\"elementor-widget-wrap elementor-element-populated\">\n\t\t\t\t\t\t<div class=\"elementor-element elementor-element-bf86081 elementor-invisible elementor-widget elementor-widget-image\" data-id=\"bf86081\" data-element_type=\"widget\" data-e-type=\"widget\" data-settings=\"{&quot;_animation&quot;:&quot;slideInRight&quot;,&quot;_animation_delay&quot;:500}\" data-widget_type=\"image.default\">\n\t\t\t\t<div class=\"elementor-widget-container\">\n\t\t\t\t\t\t\t\t\t\t\t\t\t\t\t<img fetchpriority=\"high\" decoding=\"async\" width=\"500\" height=\"481\" src=\"https:\/\/www.csslabs.de\/cms20\/wp-content\/uploads\/2020\/10\/Produkt-Slider_SwitchMouse_web2.png\" class=\"attachment-medium_large size-medium_large wp-image-9732\" alt=\"Produktbild SwitchMouse\" srcset=\"https:\/\/www.csslabs.de\/cms20\/wp-content\/uploads\/2020\/10\/Produkt-Slider_SwitchMouse_web2.png 500w, https:\/\/www.csslabs.de\/cms20\/wp-content\/uploads\/2020\/10\/Produkt-Slider_SwitchMouse_web2-300x289.png 300w\" sizes=\"(max-width: 500px) 100vw, 500px\" \/>\t\t\t\t\t\t\t\t\t\t\t\t\t\t\t<\/div>\n\t\t\t\t<\/div>\n\t\t\t\t\t<\/div>\n\t\t<\/div>\n\t\t\t\t<div class=\"elementor-column elementor-col-25 elementor-top-column elementor-element elementor-element-a28e0a9 elementor-hidden-phone\" data-id=\"a28e0a9\" data-element_type=\"column\" data-e-type=\"column\" data-settings=\"{&quot;background_background&quot;:&quot;classic&quot;}\">\n\t\t\t<div class=\"elementor-widget-wrap\">\n\t\t\t\t\t\t\t<\/div>\n\t\t<\/div>\n\t\t\t\t\t<\/div>\n\t\t<\/section>\n\t\t\t\t<section class=\"elementor-section elementor-top-section elementor-element elementor-element-1739fa20 elementor-section-boxed elementor-section-height-default elementor-section-height-default\" data-id=\"1739fa20\" data-element_type=\"section\" data-e-type=\"section\" data-settings=\"{&quot;background_background&quot;:&quot;classic&quot;}\">\n\t\t\t\t\t\t\t<div class=\"elementor-background-overlay\"><\/div>\n\t\t\t\t\t\t\t<div class=\"elementor-container elementor-column-gap-default\">\n\t\t\t\t\t<div class=\"elementor-column elementor-col-100 elementor-top-column elementor-element elementor-element-504ebb62\" data-id=\"504ebb62\" data-element_type=\"column\" data-e-type=\"column\">\n\t\t\t<div class=\"elementor-widget-wrap elementor-element-populated\">\n\t\t\t\t\t\t<div class=\"elementor-element elementor-element-7b41bbe8 section-align-center animated-slow section-size-large subtitle-style-default elementor-invisible elementor-widget elementor-widget-section-heading\" data-id=\"7b41bbe8\" data-element_type=\"widget\" data-e-type=\"widget\" data-settings=\"{&quot;_animation&quot;:&quot;zoomIn&quot;}\" data-widget_type=\"section-heading.default\">\n\t\t\t\t<div class=\"elementor-widget-container\">\n\t\t\t\t\t<div class=\"section-heading headingstyle-default\"><div class=\"section-title-wrapper\"><h2 class=\"entry-title section-title\">Fachh\u00e4ndler<\/h2><\/div><div class=\"section-description clearfix\"><div class=\"section-description-inner\"><p>Sie w\u00fcssten gern mehr \u00fcber die SwitchMouse erfahren? Auf unserer Partner &amp; Fachh\u00e4ndler Seite finden Sie Ihren den passenden H\u00e4ndler!<\/p>\n<\/div><\/div><div class=\"section-button\"><a  href=\"https:\/\/www.csslabs.de\/cms20\/fachhaendler\/\"><div class=\"mtheme-button\">Unsere Fachh\u00e4ndler<\/div><\/a><\/div><\/div>\t\t\t\t<\/div>\n\t\t\t\t<\/div>\n\t\t\t\t\t<\/div>\n\t\t<\/div>\n\t\t\t\t\t<\/div>\n\t\t<\/section>\n\t\t\t\t<\/div>\n\t\t","protected":false},"excerpt":{"rendered":"<p>SwitchMouse Maussteuerung mit Tastern und Joystick Mehr Unsere SwitchMouse Die SwitchMouse wird anstelle einer normalen Maus am Computer eingesteckt. Die einzelnen Bewegungsrichtungen der normalen Maus werden durch einen Joystick (oder einen anderen Mehrfachsensor) simuliert, der an der SwitchMouse eingesteckt wird. Anstatt die Maus zu bewegen, wird der entsprechende Sensor (rechts, links etc.) bet\u00e4tigt. Die Tasten einer normalen Maus werden durch einzelne Sensoren oder durch die Best\u00e4tigungstaste des Joysticks (sofern vorhanden) ersetzt. Weitere Infos Anschluss an Mac und PC Die SwitchMouse [&hellip;]<\/p>\n","protected":false},"author":7,"featured_media":5631,"parent":5494,"menu_order":0,"comment_status":"closed","ping_status":"closed","template":"","meta":{"footnotes":""},"class_list":["post-7372","page","type-page","status-publish","has-post-thumbnail","hentry"],"yoast_head":"<!-- This site is optimized with the Yoast SEO plugin v27.2 - https:\/\/yoast.com\/product\/yoast-seo-wordpress\/ -->\n<title>SwitchMouse Mauserweiterung | CSS MicroSystems GmbH<\/title>\n<meta name=\"description\" content=\"Die SwitchMouse V2 USB wird anstelle einer normalen Maus am Computer eingesteckt. Die Steuerung der maus wird durch einen Joystick simuliert.\" \/>\n<meta name=\"robots\" content=\"index, follow, max-snippet:-1, max-image-preview:large, max-video-preview:-1\" \/>\n<link rel=\"canonical\" href=\"https:\/\/www.csslabs.de\/cms20\/losungen-fur-dich\/sensoren-und-zubehoer\/switchmouse\/\" \/>\n<meta property=\"og:locale\" content=\"de_DE\" \/>\n<meta property=\"og:type\" content=\"article\" \/>\n<meta property=\"og:title\" content=\"SwitchMouse Mauserweiterung | CSS MicroSystems GmbH\" \/>\n<meta property=\"og:description\" content=\"Die SwitchMouse V2 USB wird anstelle einer normalen Maus am Computer eingesteckt. Die Steuerung der maus wird durch einen Joystick simuliert.\" \/>\n<meta property=\"og:url\" content=\"https:\/\/www.csslabs.de\/cms20\/losungen-fur-dich\/sensoren-und-zubehoer\/switchmouse\/\" \/>\n<meta property=\"og:site_name\" content=\"CSS MicroSystems GmbH\" \/>\n<meta property=\"article:publisher\" content=\"https:\/\/www.facebook.com\/css.microsystems\/yoast\" \/>\n<meta property=\"article:modified_time\" content=\"2020-11-17T19:34:33+00:00\" \/>\n<meta property=\"og:image\" content=\"https:\/\/www.csslabs.de\/cms20\/wp-content\/uploads\/2020\/03\/Produkt_SwitchMouse_web2-1-e1584348968543.png\" \/>\n\t<meta property=\"og:image:width\" content=\"401\" \/>\n\t<meta property=\"og:image:height\" content=\"267\" \/>\n\t<meta property=\"og:image:type\" content=\"image\/png\" \/>\n<meta name=\"twitter:card\" content=\"summary_large_image\" \/>\n<meta name=\"twitter:label1\" content=\"Gesch\u00e4tzte Lesezeit\" \/>\n\t<meta name=\"twitter:data1\" content=\"1\u00a0Minute\" \/>\n<script type=\"application\/ld+json\" class=\"yoast-schema-graph\">{\"@context\":\"https:\/\/schema.org\",\"@graph\":[{\"@type\":\"WebPage\",\"@id\":\"https:\/\/www.csslabs.de\/cms20\/losungen-fur-dich\/sensoren-und-zubehoer\/switchmouse\/\",\"url\":\"https:\/\/www.csslabs.de\/cms20\/losungen-fur-dich\/sensoren-und-zubehoer\/switchmouse\/\",\"name\":\"SwitchMouse Mauserweiterung | CSS MicroSystems GmbH\",\"isPartOf\":{\"@id\":\"https:\/\/www.csslabs.de\/cms20\/#website\"},\"primaryImageOfPage\":{\"@id\":\"https:\/\/www.csslabs.de\/cms20\/losungen-fur-dich\/sensoren-und-zubehoer\/switchmouse\/#primaryimage\"},\"image\":{\"@id\":\"https:\/\/www.csslabs.de\/cms20\/losungen-fur-dich\/sensoren-und-zubehoer\/switchmouse\/#primaryimage\"},\"thumbnailUrl\":\"https:\/\/www.csslabs.de\/cms20\/wp-content\/uploads\/2020\/03\/Produkt_SwitchMouse_web2-1-e1584348968543.png\",\"datePublished\":\"2020-05-19T11:04:41+00:00\",\"dateModified\":\"2020-11-17T19:34:33+00:00\",\"description\":\"Die SwitchMouse V2 USB wird anstelle einer normalen Maus am Computer eingesteckt. Die Steuerung der maus wird durch einen Joystick simuliert.\",\"breadcrumb\":{\"@id\":\"https:\/\/www.csslabs.de\/cms20\/losungen-fur-dich\/sensoren-und-zubehoer\/switchmouse\/#breadcrumb\"},\"inLanguage\":\"de\",\"potentialAction\":[{\"@type\":\"ReadAction\",\"target\":[\"https:\/\/www.csslabs.de\/cms20\/losungen-fur-dich\/sensoren-und-zubehoer\/switchmouse\/\"]}]},{\"@type\":\"ImageObject\",\"inLanguage\":\"de\",\"@id\":\"https:\/\/www.csslabs.de\/cms20\/losungen-fur-dich\/sensoren-und-zubehoer\/switchmouse\/#primaryimage\",\"url\":\"https:\/\/www.csslabs.de\/cms20\/wp-content\/uploads\/2020\/03\/Produkt_SwitchMouse_web2-1-e1584348968543.png\",\"contentUrl\":\"https:\/\/www.csslabs.de\/cms20\/wp-content\/uploads\/2020\/03\/Produkt_SwitchMouse_web2-1-e1584348968543.png\",\"width\":401,\"height\":267,\"caption\":\"SwitchMouse\"},{\"@type\":\"BreadcrumbList\",\"@id\":\"https:\/\/www.csslabs.de\/cms20\/losungen-fur-dich\/sensoren-und-zubehoer\/switchmouse\/#breadcrumb\",\"itemListElement\":[{\"@type\":\"ListItem\",\"position\":1,\"name\":\"L\u00f6sungen f\u00fcr Dich\",\"item\":\"https:\/\/www.csslabs.de\/cms20\/?page_id=4786\"},{\"@type\":\"ListItem\",\"position\":2,\"name\":\"Sensoren und Zubeh\u00f6r\",\"item\":\"https:\/\/www.csslabs.de\/cms20\/losungen-fur-dich\/sensoren-und-zubehoer\/\"},{\"@type\":\"ListItem\",\"position\":3,\"name\":\"SwitchMouse\"}]},{\"@type\":\"WebSite\",\"@id\":\"https:\/\/www.csslabs.de\/cms20\/#website\",\"url\":\"https:\/\/www.csslabs.de\/cms20\/\",\"name\":\"CSS MicroSystems GmbH\",\"description\":\"ASSISTIVE TOOLS FOR A BETTER LIFE\",\"publisher\":{\"@id\":\"https:\/\/www.csslabs.de\/cms20\/#organization\"},\"alternateName\":\"csslabs\",\"potentialAction\":[{\"@type\":\"SearchAction\",\"target\":{\"@type\":\"EntryPoint\",\"urlTemplate\":\"https:\/\/www.csslabs.de\/cms20\/?s={search_term_string}\"},\"query-input\":{\"@type\":\"PropertyValueSpecification\",\"valueRequired\":true,\"valueName\":\"search_term_string\"}}],\"inLanguage\":\"de\"},{\"@type\":\"Organization\",\"@id\":\"https:\/\/www.csslabs.de\/cms20\/#organization\",\"name\":\"CSS MicroSystems GmbH\",\"alternateName\":\"csslabs\",\"url\":\"https:\/\/www.csslabs.de\/cms20\/\",\"logo\":{\"@type\":\"ImageObject\",\"inLanguage\":\"de\",\"@id\":\"https:\/\/www.csslabs.de\/cms20\/#\/schema\/logo\/image\/\",\"url\":\"https:\/\/www.csslabs.de\/cms20\/wp-content\/uploads\/2024\/01\/202001_CSS_FC_ohne-weisse-Hintergrund.webp\",\"contentUrl\":\"https:\/\/www.csslabs.de\/cms20\/wp-content\/uploads\/2024\/01\/202001_CSS_FC_ohne-weisse-Hintergrund.webp\",\"width\":1417,\"height\":1724,\"caption\":\"CSS MicroSystems GmbH\"},\"image\":{\"@id\":\"https:\/\/www.csslabs.de\/cms20\/#\/schema\/logo\/image\/\"},\"sameAs\":[\"https:\/\/www.facebook.com\/css.microsystems\/yoast\",\"https:\/\/www.youtube.com\/channel\/UCWn-SorSpkCvmXG_tau8iqA\/yoast\",\"https:\/\/www.instagram.com\/csslabs.de\/yoast\",\"https:\/\/de.linked.com\/company\/css-mircosystems-gmbh\"]}]}<\/script>\n<!-- \/ Yoast SEO plugin. -->","yoast_head_json":{"title":"SwitchMouse Mauserweiterung | CSS MicroSystems GmbH","description":"Die SwitchMouse V2 USB wird anstelle einer normalen Maus am Computer eingesteckt. Die Steuerung der maus wird durch einen Joystick simuliert.","robots":{"index":"index","follow":"follow","max-snippet":"max-snippet:-1","max-image-preview":"max-image-preview:large","max-video-preview":"max-video-preview:-1"},"canonical":"https:\/\/www.csslabs.de\/cms20\/losungen-fur-dich\/sensoren-und-zubehoer\/switchmouse\/","og_locale":"de_DE","og_type":"article","og_title":"SwitchMouse Mauserweiterung | CSS MicroSystems GmbH","og_description":"Die SwitchMouse V2 USB wird anstelle einer normalen Maus am Computer eingesteckt. Die Steuerung der maus wird durch einen Joystick simuliert.","og_url":"https:\/\/www.csslabs.de\/cms20\/losungen-fur-dich\/sensoren-und-zubehoer\/switchmouse\/","og_site_name":"CSS MicroSystems GmbH","article_publisher":"https:\/\/www.facebook.com\/css.microsystems\/yoast","article_modified_time":"2020-11-17T19:34:33+00:00","og_image":[{"width":401,"height":267,"url":"https:\/\/www.csslabs.de\/cms20\/wp-content\/uploads\/2020\/03\/Produkt_SwitchMouse_web2-1-e1584348968543.png","type":"image\/png"}],"twitter_card":"summary_large_image","twitter_misc":{"Gesch\u00e4tzte Lesezeit":"1\u00a0Minute"},"schema":{"@context":"https:\/\/schema.org","@graph":[{"@type":"WebPage","@id":"https:\/\/www.csslabs.de\/cms20\/losungen-fur-dich\/sensoren-und-zubehoer\/switchmouse\/","url":"https:\/\/www.csslabs.de\/cms20\/losungen-fur-dich\/sensoren-und-zubehoer\/switchmouse\/","name":"SwitchMouse Mauserweiterung | CSS MicroSystems GmbH","isPartOf":{"@id":"https:\/\/www.csslabs.de\/cms20\/#website"},"primaryImageOfPage":{"@id":"https:\/\/www.csslabs.de\/cms20\/losungen-fur-dich\/sensoren-und-zubehoer\/switchmouse\/#primaryimage"},"image":{"@id":"https:\/\/www.csslabs.de\/cms20\/losungen-fur-dich\/sensoren-und-zubehoer\/switchmouse\/#primaryimage"},"thumbnailUrl":"https:\/\/www.csslabs.de\/cms20\/wp-content\/uploads\/2020\/03\/Produkt_SwitchMouse_web2-1-e1584348968543.png","datePublished":"2020-05-19T11:04:41+00:00","dateModified":"2020-11-17T19:34:33+00:00","description":"Die SwitchMouse V2 USB wird anstelle einer normalen Maus am Computer eingesteckt. Die Steuerung der maus wird durch einen Joystick simuliert.","breadcrumb":{"@id":"https:\/\/www.csslabs.de\/cms20\/losungen-fur-dich\/sensoren-und-zubehoer\/switchmouse\/#breadcrumb"},"inLanguage":"de","potentialAction":[{"@type":"ReadAction","target":["https:\/\/www.csslabs.de\/cms20\/losungen-fur-dich\/sensoren-und-zubehoer\/switchmouse\/"]}]},{"@type":"ImageObject","inLanguage":"de","@id":"https:\/\/www.csslabs.de\/cms20\/losungen-fur-dich\/sensoren-und-zubehoer\/switchmouse\/#primaryimage","url":"https:\/\/www.csslabs.de\/cms20\/wp-content\/uploads\/2020\/03\/Produkt_SwitchMouse_web2-1-e1584348968543.png","contentUrl":"https:\/\/www.csslabs.de\/cms20\/wp-content\/uploads\/2020\/03\/Produkt_SwitchMouse_web2-1-e1584348968543.png","width":401,"height":267,"caption":"SwitchMouse"},{"@type":"BreadcrumbList","@id":"https:\/\/www.csslabs.de\/cms20\/losungen-fur-dich\/sensoren-und-zubehoer\/switchmouse\/#breadcrumb","itemListElement":[{"@type":"ListItem","position":1,"name":"L\u00f6sungen f\u00fcr Dich","item":"https:\/\/www.csslabs.de\/cms20\/?page_id=4786"},{"@type":"ListItem","position":2,"name":"Sensoren und Zubeh\u00f6r","item":"https:\/\/www.csslabs.de\/cms20\/losungen-fur-dich\/sensoren-und-zubehoer\/"},{"@type":"ListItem","position":3,"name":"SwitchMouse"}]},{"@type":"WebSite","@id":"https:\/\/www.csslabs.de\/cms20\/#website","url":"https:\/\/www.csslabs.de\/cms20\/","name":"CSS MicroSystems GmbH","description":"ASSISTIVE TOOLS FOR A BETTER LIFE","publisher":{"@id":"https:\/\/www.csslabs.de\/cms20\/#organization"},"alternateName":"csslabs","potentialAction":[{"@type":"SearchAction","target":{"@type":"EntryPoint","urlTemplate":"https:\/\/www.csslabs.de\/cms20\/?s={search_term_string}"},"query-input":{"@type":"PropertyValueSpecification","valueRequired":true,"valueName":"search_term_string"}}],"inLanguage":"de"},{"@type":"Organization","@id":"https:\/\/www.csslabs.de\/cms20\/#organization","name":"CSS MicroSystems GmbH","alternateName":"csslabs","url":"https:\/\/www.csslabs.de\/cms20\/","logo":{"@type":"ImageObject","inLanguage":"de","@id":"https:\/\/www.csslabs.de\/cms20\/#\/schema\/logo\/image\/","url":"https:\/\/www.csslabs.de\/cms20\/wp-content\/uploads\/2024\/01\/202001_CSS_FC_ohne-weisse-Hintergrund.webp","contentUrl":"https:\/\/www.csslabs.de\/cms20\/wp-content\/uploads\/2024\/01\/202001_CSS_FC_ohne-weisse-Hintergrund.webp","width":1417,"height":1724,"caption":"CSS MicroSystems GmbH"},"image":{"@id":"https:\/\/www.csslabs.de\/cms20\/#\/schema\/logo\/image\/"},"sameAs":["https:\/\/www.facebook.com\/css.microsystems\/yoast","https:\/\/www.youtube.com\/channel\/UCWn-SorSpkCvmXG_tau8iqA\/yoast","https:\/\/www.instagram.com\/csslabs.de\/yoast","https:\/\/de.linked.com\/company\/css-mircosystems-gmbh"]}]}},"_links":{"self":[{"href":"https:\/\/www.csslabs.de\/cms20\/wp-json\/wp\/v2\/pages\/7372","targetHints":{"allow":["GET"]}}],"collection":[{"href":"https:\/\/www.csslabs.de\/cms20\/wp-json\/wp\/v2\/pages"}],"about":[{"href":"https:\/\/www.csslabs.de\/cms20\/wp-json\/wp\/v2\/types\/page"}],"author":[{"embeddable":true,"href":"https:\/\/www.csslabs.de\/cms20\/wp-json\/wp\/v2\/users\/7"}],"replies":[{"embeddable":true,"href":"https:\/\/www.csslabs.de\/cms20\/wp-json\/wp\/v2\/comments?post=7372"}],"version-history":[{"count":32,"href":"https:\/\/www.csslabs.de\/cms20\/wp-json\/wp\/v2\/pages\/7372\/revisions"}],"predecessor-version":[{"id":9735,"href":"https:\/\/www.csslabs.de\/cms20\/wp-json\/wp\/v2\/pages\/7372\/revisions\/9735"}],"up":[{"embeddable":true,"href":"https:\/\/www.csslabs.de\/cms20\/wp-json\/wp\/v2\/pages\/5494"}],"wp:featuredmedia":[{"embeddable":true,"href":"https:\/\/www.csslabs.de\/cms20\/wp-json\/wp\/v2\/media\/5631"}],"wp:attachment":[{"href":"https:\/\/www.csslabs.de\/cms20\/wp-json\/wp\/v2\/media?parent=7372"}],"curies":[{"name":"wp","href":"https:\/\/api.w.org\/{rel}","templated":true}]}}