{"id":5744,"date":"2020-03-06T12:31:17","date_gmt":"2020-03-06T12:31:17","guid":{"rendered":"https:\/\/www.csslabs.de\/cms20\/?page_id=5744"},"modified":"2020-11-17T21:00:39","modified_gmt":"2020-11-17T20:00:39","slug":"remoset","status":"publish","type":"page","link":"https:\/\/www.csslabs.de\/cms20\/losungen-fur-dich\/umfeldsteuerung\/remoset\/","title":{"rendered":"Remoset"},"content":{"rendered":"\t\t<div data-elementor-type=\"wp-post\" data-elementor-id=\"5744\" class=\"elementor elementor-5744\">\n\t\t\t\t\t\t<section class=\"elementor-section elementor-top-section elementor-element elementor-element-f4cec19 elementor-section-height-full elementor-section-boxed elementor-section-height-default elementor-section-items-middle\" data-id=\"f4cec19\" data-element_type=\"section\" data-e-type=\"section\" data-settings=\"{&quot;background_background&quot;:&quot;classic&quot;}\">\n\t\t\t\t\t\t<div class=\"elementor-container elementor-column-gap-no\">\n\t\t\t\t\t<div class=\"rellax elementor-column elementor-col-50 elementor-top-column elementor-element elementor-element-b128f81 elementor-invisible\" data-rellax-speed=\"3.3\" data-id=\"b128f81\" data-element_type=\"column\" data-e-type=\"column\" data-settings=\"{&quot;animation&quot;:&quot;slideInUp&quot;}\">\n\t\t\t<div class=\"elementor-widget-wrap elementor-element-populated\">\n\t\t\t\t\t\t<div class=\"elementor-element elementor-element-8ae2657 section-align-left subtitle-style-none section-size-default elementor-invisible elementor-widget elementor-widget-section-heading\" data-id=\"8ae2657\" data-element_type=\"widget\" data-e-type=\"widget\" data-settings=\"{&quot;_animation&quot;:&quot;fadeIn&quot;}\" data-widget_type=\"section-heading.default\">\n\t\t\t\t<div class=\"elementor-widget-container\">\n\t\t\t\t\t<div class=\"section-heading headingstyle-default\"><div class=\"section-title-wrapper\"><h2 class=\"entry-title section-title\">RemoSet<\/h2><\/div><div class=\"section-description clearfix\"><div class=\"section-description-inner\"><p>Das Telefon-Mobilteil mit integrierter Infrarotsteuerung<\/p>\n<\/div><\/div><div class=\"section-button\"><a  href=\"#RemoSet-mehr\"><div class=\"mtheme-button\">Mehr<\/div><\/a><\/div><\/div>\t\t\t\t<\/div>\n\t\t\t\t<\/div>\n\t\t\t\t\t<\/div>\n\t\t<\/div>\n\t\t\t\t<div class=\"rellax elementor-column elementor-col-50 elementor-top-column elementor-element elementor-element-e168f9b elementor-invisible\" data-rellax-speed=\"-4.6\" data-id=\"e168f9b\" data-element_type=\"column\" data-e-type=\"column\" data-settings=\"{&quot;animation&quot;:&quot;slideInUp&quot;}\">\n\t\t\t<div class=\"elementor-widget-wrap elementor-element-populated\">\n\t\t\t\t\t\t<div class=\"elementor-element elementor-element-ed92f88 elementor-widget elementor-widget-image\" data-id=\"ed92f88\" data-element_type=\"widget\" data-e-type=\"widget\" data-widget_type=\"image.default\">\n\t\t\t\t<div class=\"elementor-widget-container\">\n\t\t\t\t\t\t\t\t\t\t\t\t\t\t\t<img fetchpriority=\"high\" decoding=\"async\" width=\"768\" height=\"739\" src=\"https:\/\/www.csslabs.de\/cms20\/wp-content\/uploads\/2020\/03\/Produkt-Slider_Remoset1-1-768x739.png\" class=\"attachment-medium_large size-medium_large wp-image-5758\" alt=\"RemoSet mit Infrarotsignal\" srcset=\"https:\/\/www.csslabs.de\/cms20\/wp-content\/uploads\/2020\/03\/Produkt-Slider_Remoset1-1-768x739.png 768w, https:\/\/www.csslabs.de\/cms20\/wp-content\/uploads\/2020\/03\/Produkt-Slider_Remoset1-1-300x289.png 300w, https:\/\/www.csslabs.de\/cms20\/wp-content\/uploads\/2020\/03\/Produkt-Slider_Remoset1-1-800x770.png 800w, https:\/\/www.csslabs.de\/cms20\/wp-content\/uploads\/2020\/03\/Produkt-Slider_Remoset1-1-e1584349315430.png 500w\" sizes=\"(max-width: 768px) 100vw, 768px\" \/>\t\t\t\t\t\t\t\t\t\t\t\t\t\t\t<\/div>\n\t\t\t\t<\/div>\n\t\t\t\t\t<\/div>\n\t\t<\/div>\n\t\t\t\t\t<\/div>\n\t\t<\/section>\n\t\t\t\t<section class=\"elementor-section elementor-top-section elementor-element elementor-element-7b0444c elementor-section-boxed elementor-section-height-default elementor-section-height-default\" data-id=\"7b0444c\" data-element_type=\"section\" data-e-type=\"section\">\n\t\t\t\t\t\t<div class=\"elementor-container elementor-column-gap-default\">\n\t\t\t\t\t<div class=\"elementor-column elementor-col-100 elementor-top-column elementor-element elementor-element-56f9ebd\" data-id=\"56f9ebd\" data-element_type=\"column\" data-e-type=\"column\">\n\t\t\t<div class=\"elementor-widget-wrap elementor-element-populated\">\n\t\t\t\t\t\t<div class=\"elementor-element elementor-element-788e8e5 elementor-widget elementor-widget-menu-anchor\" data-id=\"788e8e5\" data-element_type=\"widget\" data-e-type=\"widget\" data-widget_type=\"menu-anchor.default\">\n\t\t\t\t<div class=\"elementor-widget-container\">\n\t\t\t\t\t\t\t<div class=\"elementor-menu-anchor\" id=\"RemoSet-mehr\"><\/div>\n\t\t\t\t\t\t<\/div>\n\t\t\t\t<\/div>\n\t\t\t\t\t<\/div>\n\t\t<\/div>\n\t\t\t\t\t<\/div>\n\t\t<\/section>\n\t\t\t\t<section class=\"elementor-section elementor-top-section elementor-element elementor-element-a4fad50 elementor-section-boxed elementor-section-height-default elementor-section-height-default\" data-id=\"a4fad50\" data-element_type=\"section\" data-e-type=\"section\" data-settings=\"{&quot;background_background&quot;:&quot;classic&quot;}\">\n\t\t\t\t\t\t<div class=\"elementor-container elementor-column-gap-default\">\n\t\t\t\t\t<div class=\"elementor-column elementor-col-50 elementor-top-column elementor-element elementor-element-1bacf68\" data-id=\"1bacf68\" data-element_type=\"column\" data-e-type=\"column\">\n\t\t\t<div class=\"elementor-widget-wrap elementor-element-populated\">\n\t\t\t\t\t\t<div class=\"elementor-element elementor-element-1746076 animated-slow elementor-invisible elementor-widget elementor-widget-image\" data-id=\"1746076\" data-element_type=\"widget\" data-e-type=\"widget\" data-settings=\"{&quot;_animation&quot;:&quot;zoomIn&quot;}\" data-widget_type=\"image.default\">\n\t\t\t\t<div class=\"elementor-widget-container\">\n\t\t\t\t\t\t\t\t\t\t\t\t\t\t\t<img decoding=\"async\" width=\"550\" height=\"400\" src=\"https:\/\/www.csslabs.de\/cms20\/wp-content\/uploads\/2020\/03\/20200224_Produkt_Remoset-1-550x400.png\" class=\"attachment-blacksilver-gridblock-large-portrait size-blacksilver-gridblock-large-portrait wp-image-5555\" alt=\"Remoset mit Umfeldkontrollger\u00e4t\" \/>\t\t\t\t\t\t\t\t\t\t\t\t\t\t\t<\/div>\n\t\t\t\t<\/div>\n\t\t\t\t\t<\/div>\n\t\t<\/div>\n\t\t\t\t<div class=\"elementor-column elementor-col-50 elementor-top-column elementor-element elementor-element-4283ee1\" data-id=\"4283ee1\" data-element_type=\"column\" data-e-type=\"column\">\n\t\t\t<div class=\"elementor-widget-wrap elementor-element-populated\">\n\t\t\t\t\t\t<div class=\"elementor-element elementor-element-34457b5 section-align-left subtitle-style-none section-size-default elementor-invisible elementor-widget elementor-widget-section-heading\" data-id=\"34457b5\" data-element_type=\"widget\" data-e-type=\"widget\" data-settings=\"{&quot;_animation&quot;:&quot;fadeIn&quot;}\" data-widget_type=\"section-heading.default\">\n\t\t\t\t<div class=\"elementor-widget-container\">\n\t\t\t\t\t<div class=\"section-heading headingstyle-default\"><div class=\"section-title-wrapper\"><h2 class=\"entry-title section-title\">Unser RemoSet<\/h2><\/div><div class=\"section-description clearfix\"><div class=\"section-description-inner\"><p>Die in das Telefon-Mobilteil integrierte Infrarotsteuerung <strong>RemoSet<\/strong> erm\u00f6glicht die komplette Bedienung des Tastenfelds und der Freisprecheinrichtung \u00fcber eine Fernsteuerung. Hauptanwendung ist die Bedienung durch Menschen mit schweren und schwersten k\u00f6rperlichen Behinderungen. Dies erfolgt in der Regel mittels eines Umfeldkontrollger\u00e4ts. Durch die Infrarot-Fernbedienung muss weder ein H\u00f6rer gehalten, noch irgendwelche Tasten am Telefon-Mobilteil gedr\u00fcckt werden.<\/p>\n<\/div><\/div><\/div>\t\t\t\t<\/div>\n\t\t\t\t<\/div>\n\t\t\t\t\t<\/div>\n\t\t<\/div>\n\t\t\t\t\t<\/div>\n\t\t<\/section>\n\t\t\t\t<section class=\"elementor-section elementor-top-section elementor-element elementor-element-80ec06d elementor-section-full_width elementor-section-height-default elementor-section-height-default\" data-id=\"80ec06d\" data-element_type=\"section\" data-e-type=\"section\">\n\t\t\t\t\t\t<div class=\"elementor-container elementor-column-gap-default\">\n\t\t\t\t\t<div class=\"elementor-column elementor-col-33 elementor-top-column elementor-element elementor-element-f62f2bf elementor-hidden-phone\" data-id=\"f62f2bf\" data-element_type=\"column\" data-e-type=\"column\">\n\t\t\t<div class=\"elementor-widget-wrap\">\n\t\t\t\t\t\t\t<\/div>\n\t\t<\/div>\n\t\t\t\t<div class=\"elementor-column elementor-col-33 elementor-top-column elementor-element elementor-element-3d0d809\" data-id=\"3d0d809\" data-element_type=\"column\" data-e-type=\"column\" data-settings=\"{&quot;background_background&quot;:&quot;classic&quot;}\">\n\t\t\t<div class=\"elementor-widget-wrap elementor-element-populated\">\n\t\t\t\t\t\t<div class=\"elementor-element elementor-element-8fd4be1 elementor-invisible elementor-widget elementor-widget-image\" data-id=\"8fd4be1\" data-element_type=\"widget\" data-e-type=\"widget\" data-settings=\"{&quot;_animation&quot;:&quot;slideInLeft&quot;,&quot;_animation_delay&quot;:500}\" data-widget_type=\"image.default\">\n\t\t\t\t<div class=\"elementor-widget-container\">\n\t\t\t\t\t\t\t\t\t\t\t\t\t\t\t<img fetchpriority=\"high\" decoding=\"async\" width=\"768\" height=\"739\" src=\"https:\/\/www.csslabs.de\/cms20\/wp-content\/uploads\/2020\/03\/Produkt-Slider_Remoset1-1-768x739.png\" class=\"attachment-medium_large size-medium_large wp-image-5758\" alt=\"RemoSet mit Infrarotsignal\" srcset=\"https:\/\/www.csslabs.de\/cms20\/wp-content\/uploads\/2020\/03\/Produkt-Slider_Remoset1-1-768x739.png 768w, https:\/\/www.csslabs.de\/cms20\/wp-content\/uploads\/2020\/03\/Produkt-Slider_Remoset1-1-300x289.png 300w, https:\/\/www.csslabs.de\/cms20\/wp-content\/uploads\/2020\/03\/Produkt-Slider_Remoset1-1-800x770.png 800w, https:\/\/www.csslabs.de\/cms20\/wp-content\/uploads\/2020\/03\/Produkt-Slider_Remoset1-1-e1584349315430.png 500w\" sizes=\"(max-width: 768px) 100vw, 768px\" \/>\t\t\t\t\t\t\t\t\t\t\t\t\t\t\t<\/div>\n\t\t\t\t<\/div>\n\t\t\t\t\t<\/div>\n\t\t<\/div>\n\t\t\t\t<div class=\"elementor-column elementor-col-100 elementor-top-column elementor-element elementor-element-d7bd236\" data-id=\"d7bd236\" data-element_type=\"column\" data-e-type=\"column\" data-settings=\"{&quot;background_background&quot;:&quot;classic&quot;}\">\n\t\t\t<div class=\"elementor-widget-wrap elementor-element-populated\">\n\t\t\t\t\t\t<div class=\"elementor-element elementor-element-036f592 section-align-left subtitle-style-none section-size-default elementor-invisible elementor-widget elementor-widget-section-heading\" data-id=\"036f592\" data-element_type=\"widget\" data-e-type=\"widget\" data-settings=\"{&quot;_animation&quot;:&quot;fadeIn&quot;}\" data-widget_type=\"section-heading.default\">\n\t\t\t\t<div class=\"elementor-widget-container\">\n\t\t\t\t\t<div class=\"section-heading headingstyle-default\"><div class=\"section-title-wrapper\"><h2 class=\"entry-title section-title\">Weitere Infos<\/h2><\/div><h5 class=\"entry-sub-title section-sub-title\">und Technische Daten<\/h5><div class=\"section-description clearfix\"><div class=\"section-description-inner\"><ul>\n<li>Voll im Mobilteil integrierter Infrarot-Empf\u00e4nger, keine zus\u00e4tzlichen Adapter oder Stecker n\u00f6tig<\/li>\n<li>Alle Tasten des Mobilteils k\u00f6nnen per Infrarotfernbedienung gesteuert werden<\/li>\n<li>Unterschiedliche IR-Ger\u00e4teadressen einstellbar<\/li>\n<li>Freisprechen\/Lauth\u00f6ren in brillanter Soundqualit\u00e4t<\/li>\n<li>Headset-Anschluss (2,5mm Klinkenstecker)<\/li>\n<li>Gro\u00dfes, einfach ablesbares Farb-Display<\/li>\n<li>10 Zielwahltasten<\/li>\n<li>Telefonbuch mit 500 Eintr\u00e4gen<\/li>\n<\/ul>\n<p>Bereitschaftszeit ~165 Stunden<br \/>Gespr\u00e4chszeit ~ 12 Stunden<br \/>Ladezeit ~ 8,5 Stunden<\/p>\n<\/div><\/div><\/div>\t\t\t\t<\/div>\n\t\t\t\t<\/div>\n\t\t\t\t\t<\/div>\n\t\t<\/div>\n\t\t\t\t<div class=\"elementor-column elementor-col-33 elementor-top-column elementor-element elementor-element-26da20e elementor-hidden-phone\" data-id=\"26da20e\" data-element_type=\"column\" data-e-type=\"column\">\n\t\t\t<div class=\"elementor-widget-wrap\">\n\t\t\t\t\t\t\t<\/div>\n\t\t<\/div>\n\t\t\t\t\t<\/div>\n\t\t<\/section>\n\t\t\t\t<section class=\"elementor-section elementor-top-section elementor-element elementor-element-1739fa20 elementor-section-boxed elementor-section-height-default elementor-section-height-default\" data-id=\"1739fa20\" data-element_type=\"section\" data-e-type=\"section\" data-settings=\"{&quot;background_background&quot;:&quot;classic&quot;}\">\n\t\t\t\t\t\t\t<div class=\"elementor-background-overlay\"><\/div>\n\t\t\t\t\t\t\t<div class=\"elementor-container elementor-column-gap-default\">\n\t\t\t\t\t<div class=\"elementor-column elementor-col-100 elementor-top-column elementor-element elementor-element-504ebb62\" data-id=\"504ebb62\" data-element_type=\"column\" data-e-type=\"column\">\n\t\t\t<div class=\"elementor-widget-wrap elementor-element-populated\">\n\t\t\t\t\t\t<div class=\"elementor-element elementor-element-7b41bbe8 section-align-center animated-slow section-size-large subtitle-style-default elementor-invisible elementor-widget elementor-widget-section-heading\" data-id=\"7b41bbe8\" data-element_type=\"widget\" data-e-type=\"widget\" data-settings=\"{&quot;_animation&quot;:&quot;zoomIn&quot;}\" data-widget_type=\"section-heading.default\">\n\t\t\t\t<div class=\"elementor-widget-container\">\n\t\t\t\t\t<div class=\"section-heading headingstyle-default\"><div class=\"section-title-wrapper\"><h2 class=\"entry-title section-title\">Fachh\u00e4ndler<\/h2><\/div><div class=\"section-description clearfix\"><div class=\"section-description-inner\"><p>Sie m\u00f6chten sich \u00fcber weitere M\u00f6glichkeiten des RemoSets beraten lassen? Hier finden Sie Ihren Fachh\u00e4ndler in Ihrer N\u00e4he!<\/p>\n<\/div><\/div><div class=\"section-button\"><a  href=\"https:\/\/www.csslabs.de\/cms20\/fachhaendler\/\"><div class=\"mtheme-button\">Unsere Fachh\u00e4ndler<\/div><\/a><\/div><\/div>\t\t\t\t<\/div>\n\t\t\t\t<\/div>\n\t\t\t\t\t<\/div>\n\t\t<\/div>\n\t\t\t\t\t<\/div>\n\t\t<\/section>\n\t\t\t\t<\/div>\n\t\t","protected":false},"excerpt":{"rendered":"<p>RemoSet Das Telefon-Mobilteil mit integrierter Infrarotsteuerung Mehr Unser RemoSet Die in das Telefon-Mobilteil integrierte Infrarotsteuerung RemoSet erm\u00f6glicht die komplette Bedienung des Tastenfelds und der Freisprecheinrichtung \u00fcber eine Fernsteuerung. Hauptanwendung ist die Bedienung durch Menschen mit schweren und schwersten k\u00f6rperlichen Behinderungen. Dies erfolgt in der Regel mittels eines Umfeldkontrollger\u00e4ts. Durch die Infrarot-Fernbedienung muss weder ein H\u00f6rer gehalten, noch irgendwelche Tasten am Telefon-Mobilteil gedr\u00fcckt werden. Weitere Infos und Technische Daten Voll im Mobilteil integrierter Infrarot-Empf\u00e4nger, keine zus\u00e4tzlichen Adapter oder Stecker n\u00f6tig Alle [&hellip;]<\/p>\n","protected":false},"author":7,"featured_media":5555,"parent":5281,"menu_order":0,"comment_status":"closed","ping_status":"closed","template":"","meta":{"footnotes":""},"class_list":["post-5744","page","type-page","status-publish","has-post-thumbnail","hentry"],"yoast_head":"<!-- This site is optimized with the Yoast SEO plugin v27.2 - https:\/\/yoast.com\/product\/yoast-seo-wordpress\/ -->\n<title>Remoset Integrierte Infrarotsteuerung | CSS MicroSystems GmbH<\/title>\n<meta name=\"description\" content=\"Die in das Telefon integrierte Infrarotsteuerung RemoSet erm\u00f6glicht die komplette Bedienung des Telefons \u00fcber eine eigene Fernsteuerung.\" \/>\n<meta name=\"robots\" content=\"index, follow, max-snippet:-1, max-image-preview:large, max-video-preview:-1\" \/>\n<link rel=\"canonical\" href=\"https:\/\/www.csslabs.de\/cms20\/losungen-fur-dich\/umfeldsteuerung\/remoset\/\" \/>\n<meta property=\"og:locale\" content=\"de_DE\" \/>\n<meta property=\"og:type\" content=\"article\" \/>\n<meta property=\"og:title\" content=\"Remoset Integrierte Infrarotsteuerung | CSS MicroSystems GmbH\" \/>\n<meta property=\"og:description\" content=\"Die in das Telefon integrierte Infrarotsteuerung RemoSet erm\u00f6glicht die komplette Bedienung des Telefons \u00fcber eine eigene Fernsteuerung.\" \/>\n<meta property=\"og:url\" content=\"https:\/\/www.csslabs.de\/cms20\/losungen-fur-dich\/umfeldsteuerung\/remoset\/\" \/>\n<meta property=\"og:site_name\" content=\"CSS MicroSystems GmbH\" \/>\n<meta property=\"article:publisher\" content=\"https:\/\/www.facebook.com\/css.microsystems\/yoast\" \/>\n<meta property=\"article:modified_time\" content=\"2020-11-17T20:00:39+00:00\" \/>\n<meta property=\"og:image\" content=\"https:\/\/www.csslabs.de\/cms20\/wp-content\/uploads\/2020\/03\/20200224_Produkt_Remoset-1-e1584348851525.png\" \/>\n\t<meta property=\"og:image:width\" content=\"401\" \/>\n\t<meta property=\"og:image:height\" content=\"267\" \/>\n\t<meta property=\"og:image:type\" content=\"image\/png\" \/>\n<meta name=\"twitter:card\" content=\"summary_large_image\" \/>\n<meta name=\"twitter:label1\" content=\"Gesch\u00e4tzte Lesezeit\" \/>\n\t<meta name=\"twitter:data1\" content=\"1\u00a0Minute\" \/>\n<script type=\"application\/ld+json\" class=\"yoast-schema-graph\">{\"@context\":\"https:\/\/schema.org\",\"@graph\":[{\"@type\":\"WebPage\",\"@id\":\"https:\/\/www.csslabs.de\/cms20\/losungen-fur-dich\/umfeldsteuerung\/remoset\/\",\"url\":\"https:\/\/www.csslabs.de\/cms20\/losungen-fur-dich\/umfeldsteuerung\/remoset\/\",\"name\":\"Remoset Integrierte Infrarotsteuerung | CSS MicroSystems GmbH\",\"isPartOf\":{\"@id\":\"https:\/\/www.csslabs.de\/cms20\/#website\"},\"primaryImageOfPage\":{\"@id\":\"https:\/\/www.csslabs.de\/cms20\/losungen-fur-dich\/umfeldsteuerung\/remoset\/#primaryimage\"},\"image\":{\"@id\":\"https:\/\/www.csslabs.de\/cms20\/losungen-fur-dich\/umfeldsteuerung\/remoset\/#primaryimage\"},\"thumbnailUrl\":\"https:\/\/www.csslabs.de\/cms20\/wp-content\/uploads\/2020\/03\/20200224_Produkt_Remoset-1-e1584348851525.png\",\"datePublished\":\"2020-03-06T12:31:17+00:00\",\"dateModified\":\"2020-11-17T20:00:39+00:00\",\"description\":\"Die in das Telefon integrierte Infrarotsteuerung RemoSet erm\u00f6glicht die komplette Bedienung des Telefons \u00fcber eine eigene Fernsteuerung.\",\"breadcrumb\":{\"@id\":\"https:\/\/www.csslabs.de\/cms20\/losungen-fur-dich\/umfeldsteuerung\/remoset\/#breadcrumb\"},\"inLanguage\":\"de\",\"potentialAction\":[{\"@type\":\"ReadAction\",\"target\":[\"https:\/\/www.csslabs.de\/cms20\/losungen-fur-dich\/umfeldsteuerung\/remoset\/\"]}]},{\"@type\":\"ImageObject\",\"inLanguage\":\"de\",\"@id\":\"https:\/\/www.csslabs.de\/cms20\/losungen-fur-dich\/umfeldsteuerung\/remoset\/#primaryimage\",\"url\":\"https:\/\/www.csslabs.de\/cms20\/wp-content\/uploads\/2020\/03\/20200224_Produkt_Remoset-1-e1584348851525.png\",\"contentUrl\":\"https:\/\/www.csslabs.de\/cms20\/wp-content\/uploads\/2020\/03\/20200224_Produkt_Remoset-1-e1584348851525.png\",\"width\":401,\"height\":267,\"caption\":\"Remoset mit Umfeldkontrollger\u00e4t\"},{\"@type\":\"BreadcrumbList\",\"@id\":\"https:\/\/www.csslabs.de\/cms20\/losungen-fur-dich\/umfeldsteuerung\/remoset\/#breadcrumb\",\"itemListElement\":[{\"@type\":\"ListItem\",\"position\":1,\"name\":\"L\u00f6sungen f\u00fcr Dich\",\"item\":\"https:\/\/www.csslabs.de\/cms20\/?page_id=4786\"},{\"@type\":\"ListItem\",\"position\":2,\"name\":\"Umfeldsteuerung\",\"item\":\"https:\/\/www.csslabs.de\/cms20\/losungen-fur-dich\/umfeldsteuerung\/\"},{\"@type\":\"ListItem\",\"position\":3,\"name\":\"Remoset\"}]},{\"@type\":\"WebSite\",\"@id\":\"https:\/\/www.csslabs.de\/cms20\/#website\",\"url\":\"https:\/\/www.csslabs.de\/cms20\/\",\"name\":\"CSS MicroSystems GmbH\",\"description\":\"ASSISTIVE TOOLS FOR A BETTER LIFE\",\"publisher\":{\"@id\":\"https:\/\/www.csslabs.de\/cms20\/#organization\"},\"alternateName\":\"csslabs\",\"potentialAction\":[{\"@type\":\"SearchAction\",\"target\":{\"@type\":\"EntryPoint\",\"urlTemplate\":\"https:\/\/www.csslabs.de\/cms20\/?s={search_term_string}\"},\"query-input\":{\"@type\":\"PropertyValueSpecification\",\"valueRequired\":true,\"valueName\":\"search_term_string\"}}],\"inLanguage\":\"de\"},{\"@type\":\"Organization\",\"@id\":\"https:\/\/www.csslabs.de\/cms20\/#organization\",\"name\":\"CSS MicroSystems GmbH\",\"alternateName\":\"csslabs\",\"url\":\"https:\/\/www.csslabs.de\/cms20\/\",\"logo\":{\"@type\":\"ImageObject\",\"inLanguage\":\"de\",\"@id\":\"https:\/\/www.csslabs.de\/cms20\/#\/schema\/logo\/image\/\",\"url\":\"https:\/\/www.csslabs.de\/cms20\/wp-content\/uploads\/2024\/01\/202001_CSS_FC_ohne-weisse-Hintergrund.webp\",\"contentUrl\":\"https:\/\/www.csslabs.de\/cms20\/wp-content\/uploads\/2024\/01\/202001_CSS_FC_ohne-weisse-Hintergrund.webp\",\"width\":1417,\"height\":1724,\"caption\":\"CSS MicroSystems GmbH\"},\"image\":{\"@id\":\"https:\/\/www.csslabs.de\/cms20\/#\/schema\/logo\/image\/\"},\"sameAs\":[\"https:\/\/www.facebook.com\/css.microsystems\/yoast\",\"https:\/\/www.youtube.com\/channel\/UCWn-SorSpkCvmXG_tau8iqA\/yoast\",\"https:\/\/www.instagram.com\/csslabs.de\/yoast\",\"https:\/\/de.linked.com\/company\/css-mircosystems-gmbh\"]}]}<\/script>\n<!-- \/ Yoast SEO plugin. -->","yoast_head_json":{"title":"Remoset Integrierte Infrarotsteuerung | CSS MicroSystems GmbH","description":"Die in das Telefon integrierte Infrarotsteuerung RemoSet erm\u00f6glicht die komplette Bedienung des Telefons \u00fcber eine eigene Fernsteuerung.","robots":{"index":"index","follow":"follow","max-snippet":"max-snippet:-1","max-image-preview":"max-image-preview:large","max-video-preview":"max-video-preview:-1"},"canonical":"https:\/\/www.csslabs.de\/cms20\/losungen-fur-dich\/umfeldsteuerung\/remoset\/","og_locale":"de_DE","og_type":"article","og_title":"Remoset Integrierte Infrarotsteuerung | CSS MicroSystems GmbH","og_description":"Die in das Telefon integrierte Infrarotsteuerung RemoSet erm\u00f6glicht die komplette Bedienung des Telefons \u00fcber eine eigene Fernsteuerung.","og_url":"https:\/\/www.csslabs.de\/cms20\/losungen-fur-dich\/umfeldsteuerung\/remoset\/","og_site_name":"CSS MicroSystems GmbH","article_publisher":"https:\/\/www.facebook.com\/css.microsystems\/yoast","article_modified_time":"2020-11-17T20:00:39+00:00","og_image":[{"width":401,"height":267,"url":"https:\/\/www.csslabs.de\/cms20\/wp-content\/uploads\/2020\/03\/20200224_Produkt_Remoset-1-e1584348851525.png","type":"image\/png"}],"twitter_card":"summary_large_image","twitter_misc":{"Gesch\u00e4tzte Lesezeit":"1\u00a0Minute"},"schema":{"@context":"https:\/\/schema.org","@graph":[{"@type":"WebPage","@id":"https:\/\/www.csslabs.de\/cms20\/losungen-fur-dich\/umfeldsteuerung\/remoset\/","url":"https:\/\/www.csslabs.de\/cms20\/losungen-fur-dich\/umfeldsteuerung\/remoset\/","name":"Remoset Integrierte Infrarotsteuerung | CSS MicroSystems GmbH","isPartOf":{"@id":"https:\/\/www.csslabs.de\/cms20\/#website"},"primaryImageOfPage":{"@id":"https:\/\/www.csslabs.de\/cms20\/losungen-fur-dich\/umfeldsteuerung\/remoset\/#primaryimage"},"image":{"@id":"https:\/\/www.csslabs.de\/cms20\/losungen-fur-dich\/umfeldsteuerung\/remoset\/#primaryimage"},"thumbnailUrl":"https:\/\/www.csslabs.de\/cms20\/wp-content\/uploads\/2020\/03\/20200224_Produkt_Remoset-1-e1584348851525.png","datePublished":"2020-03-06T12:31:17+00:00","dateModified":"2020-11-17T20:00:39+00:00","description":"Die in das Telefon integrierte Infrarotsteuerung RemoSet erm\u00f6glicht die komplette Bedienung des Telefons \u00fcber eine eigene Fernsteuerung.","breadcrumb":{"@id":"https:\/\/www.csslabs.de\/cms20\/losungen-fur-dich\/umfeldsteuerung\/remoset\/#breadcrumb"},"inLanguage":"de","potentialAction":[{"@type":"ReadAction","target":["https:\/\/www.csslabs.de\/cms20\/losungen-fur-dich\/umfeldsteuerung\/remoset\/"]}]},{"@type":"ImageObject","inLanguage":"de","@id":"https:\/\/www.csslabs.de\/cms20\/losungen-fur-dich\/umfeldsteuerung\/remoset\/#primaryimage","url":"https:\/\/www.csslabs.de\/cms20\/wp-content\/uploads\/2020\/03\/20200224_Produkt_Remoset-1-e1584348851525.png","contentUrl":"https:\/\/www.csslabs.de\/cms20\/wp-content\/uploads\/2020\/03\/20200224_Produkt_Remoset-1-e1584348851525.png","width":401,"height":267,"caption":"Remoset mit Umfeldkontrollger\u00e4t"},{"@type":"BreadcrumbList","@id":"https:\/\/www.csslabs.de\/cms20\/losungen-fur-dich\/umfeldsteuerung\/remoset\/#breadcrumb","itemListElement":[{"@type":"ListItem","position":1,"name":"L\u00f6sungen f\u00fcr Dich","item":"https:\/\/www.csslabs.de\/cms20\/?page_id=4786"},{"@type":"ListItem","position":2,"name":"Umfeldsteuerung","item":"https:\/\/www.csslabs.de\/cms20\/losungen-fur-dich\/umfeldsteuerung\/"},{"@type":"ListItem","position":3,"name":"Remoset"}]},{"@type":"WebSite","@id":"https:\/\/www.csslabs.de\/cms20\/#website","url":"https:\/\/www.csslabs.de\/cms20\/","name":"CSS MicroSystems GmbH","description":"ASSISTIVE TOOLS FOR A BETTER LIFE","publisher":{"@id":"https:\/\/www.csslabs.de\/cms20\/#organization"},"alternateName":"csslabs","potentialAction":[{"@type":"SearchAction","target":{"@type":"EntryPoint","urlTemplate":"https:\/\/www.csslabs.de\/cms20\/?s={search_term_string}"},"query-input":{"@type":"PropertyValueSpecification","valueRequired":true,"valueName":"search_term_string"}}],"inLanguage":"de"},{"@type":"Organization","@id":"https:\/\/www.csslabs.de\/cms20\/#organization","name":"CSS MicroSystems GmbH","alternateName":"csslabs","url":"https:\/\/www.csslabs.de\/cms20\/","logo":{"@type":"ImageObject","inLanguage":"de","@id":"https:\/\/www.csslabs.de\/cms20\/#\/schema\/logo\/image\/","url":"https:\/\/www.csslabs.de\/cms20\/wp-content\/uploads\/2024\/01\/202001_CSS_FC_ohne-weisse-Hintergrund.webp","contentUrl":"https:\/\/www.csslabs.de\/cms20\/wp-content\/uploads\/2024\/01\/202001_CSS_FC_ohne-weisse-Hintergrund.webp","width":1417,"height":1724,"caption":"CSS MicroSystems GmbH"},"image":{"@id":"https:\/\/www.csslabs.de\/cms20\/#\/schema\/logo\/image\/"},"sameAs":["https:\/\/www.facebook.com\/css.microsystems\/yoast","https:\/\/www.youtube.com\/channel\/UCWn-SorSpkCvmXG_tau8iqA\/yoast","https:\/\/www.instagram.com\/csslabs.de\/yoast","https:\/\/de.linked.com\/company\/css-mircosystems-gmbh"]}]}},"_links":{"self":[{"href":"https:\/\/www.csslabs.de\/cms20\/wp-json\/wp\/v2\/pages\/5744","targetHints":{"allow":["GET"]}}],"collection":[{"href":"https:\/\/www.csslabs.de\/cms20\/wp-json\/wp\/v2\/pages"}],"about":[{"href":"https:\/\/www.csslabs.de\/cms20\/wp-json\/wp\/v2\/types\/page"}],"author":[{"embeddable":true,"href":"https:\/\/www.csslabs.de\/cms20\/wp-json\/wp\/v2\/users\/7"}],"replies":[{"embeddable":true,"href":"https:\/\/www.csslabs.de\/cms20\/wp-json\/wp\/v2\/comments?post=5744"}],"version-history":[{"count":26,"href":"https:\/\/www.csslabs.de\/cms20\/wp-json\/wp\/v2\/pages\/5744\/revisions"}],"predecessor-version":[{"id":9484,"href":"https:\/\/www.csslabs.de\/cms20\/wp-json\/wp\/v2\/pages\/5744\/revisions\/9484"}],"up":[{"embeddable":true,"href":"https:\/\/www.csslabs.de\/cms20\/wp-json\/wp\/v2\/pages\/5281"}],"wp:featuredmedia":[{"embeddable":true,"href":"https:\/\/www.csslabs.de\/cms20\/wp-json\/wp\/v2\/media\/5555"}],"wp:attachment":[{"href":"https:\/\/www.csslabs.de\/cms20\/wp-json\/wp\/v2\/media?parent=5744"}],"curies":[{"name":"wp","href":"https:\/\/api.w.org\/{rel}","templated":true}]}}