{"id":10693,"date":"2020-11-26T12:13:47","date_gmt":"2020-11-26T11:13:47","guid":{"rendered":"https:\/\/www.csslabs.de\/cms20\/?page_id=10693"},"modified":"2021-01-22T11:31:28","modified_gmt":"2021-01-22T10:31:28","slug":"fachhaendler-ergo2work","status":"publish","type":"page","link":"https:\/\/www.csslabs.de\/cms20\/fachhaendler-ergo2work\/","title":{"rendered":"Fachh\u00e4ndler Ergo2Work"},"content":{"rendered":"\t\t<div data-elementor-type=\"wp-page\" data-elementor-id=\"10693\" class=\"elementor elementor-10693\">\n\t\t\t\t\t\t<section class=\"elementor-section elementor-top-section elementor-element elementor-element-46b615b elementor-section-full_width elementor-section-height-default elementor-section-height-default elementor-invisible\" data-id=\"46b615b\" data-element_type=\"section\" data-e-type=\"section\" data-settings=\"{&quot;animation&quot;:&quot;fadeIn&quot;,&quot;background_background&quot;:&quot;classic&quot;}\">\n\t\t\t\t\t\t<div class=\"elementor-container elementor-column-gap-default\">\n\t\t\t\t\t<div class=\"elementor-column elementor-col-16 elementor-top-column elementor-element elementor-element-51c8a13\" data-id=\"51c8a13\" data-element_type=\"column\" data-e-type=\"column\" data-settings=\"{&quot;background_background&quot;:&quot;classic&quot;}\">\n\t\t\t<div class=\"elementor-widget-wrap\">\n\t\t\t\t\t\t\t<\/div>\n\t\t<\/div>\n\t\t\t\t<div class=\"elementor-column elementor-col-16 elementor-top-column elementor-element elementor-element-6e9fabf\" data-id=\"6e9fabf\" data-element_type=\"column\" data-e-type=\"column\" data-settings=\"{&quot;background_background&quot;:&quot;classic&quot;}\">\n\t\t\t<div class=\"elementor-widget-wrap elementor-element-populated\">\n\t\t\t\t\t\t<div class=\"elementor-element elementor-element-f049444 elementor-widget elementor-widget-image\" data-id=\"f049444\" data-element_type=\"widget\" data-e-type=\"widget\" data-widget_type=\"image.default\">\n\t\t\t\t<div class=\"elementor-widget-container\">\n\t\t\t\t\t\t\t\t\t\t\t\t\t\t\t\t<a href=\"https:\/\/ergo2work.nl\/\">\n\t\t\t\t\t\t\t<img fetchpriority=\"high\" decoding=\"async\" width=\"400\" height=\"271\" src=\"https:\/\/www.csslabs.de\/cms20\/wp-content\/uploads\/2020\/07\/CSSlabs_Ergo2work_Logo2.png\" class=\"attachment-medium_large size-medium_large wp-image-8657\" alt=\"Fachh\u00e4ndler Ergo2work - Specialist\" srcset=\"https:\/\/www.csslabs.de\/cms20\/wp-content\/uploads\/2020\/07\/CSSlabs_Ergo2work_Logo2.png 400w, https:\/\/www.csslabs.de\/cms20\/wp-content\/uploads\/2020\/07\/CSSlabs_Ergo2work_Logo2-300x203.png 300w\" sizes=\"(max-width: 400px) 100vw, 400px\" \/>\t\t\t\t\t\t\t\t<\/a>\n\t\t\t\t\t\t\t\t\t\t\t\t\t\t\t<\/div>\n\t\t\t\t<\/div>\n\t\t\t\t<div class=\"elementor-element elementor-element-f1e16a0 section-align-left section-size-default subtitle-style-default elementor-widget elementor-widget-section-heading\" data-id=\"f1e16a0\" data-element_type=\"widget\" data-e-type=\"widget\" data-widget_type=\"section-heading.default\">\n\t\t\t\t<div class=\"elementor-widget-container\">\n\t\t\t\t\t<div class=\"section-heading headingstyle-default\"><div class=\"section-title-wrapper\"><h4 class=\"entry-title section-title\">\n<\/h4><\/div><div class=\"section-description clearfix\"><div class=\"section-description-inner\"><p><strong>Gebiet:<\/strong> <br \/>Niederlande<\/p>\n<p><span role=\"link\" aria-label=\"04283 955728 anrufen\"><a href=\"https:\/\/ergo2work.nl\/\">www.ergo2work.nl<\/a><br \/><a href=\"mailto:info@ergo2work.nl\">info@ergo2work.nl<\/a><br \/>+31 24-3296116<br \/><\/span><\/p>\n<p><span role=\"link\" aria-label=\"04283 955728 anrufen\"> <\/span><\/p>\n<\/div><\/div><\/div>\t\t\t\t<\/div>\n\t\t\t\t<\/div>\n\t\t\t\t<div class=\"elementor-element elementor-element-cad92e9 section-align-left elementor-hidden-desktop elementor-hidden-tablet elementor-hidden-phone section-size-default subtitle-style-default elementor-widget elementor-widget-section-heading\" data-id=\"cad92e9\" data-element_type=\"widget\" data-e-type=\"widget\" data-widget_type=\"section-heading.default\">\n\t\t\t\t<div class=\"elementor-widget-container\">\n\t\t\t\t\t<div class=\"section-heading headingstyle-default\"><div class=\"section-title-wrapper\"><h4 class=\"entry-title section-title\">Expertise<\/h4><\/div><div class=\"section-description clearfix\"><div class=\"section-description-inner\"><p>weitere T\u00e4tigkeiten, weitere T\u00e4tigkeiten, weitere T\u00e4tigkeiten, weitere T\u00e4tigkeiten, weitere T\u00e4tigkeiten, weitere T\u00e4tigkeiten, weitere T\u00e4tigkeiten<\/p>\n<\/div><\/div><\/div>\t\t\t\t<\/div>\n\t\t\t\t<\/div>\n\t\t\t\t\t<\/div>\n\t\t<\/div>\n\t\t\t\t<div class=\"elementor-column elementor-col-16 elementor-top-column elementor-element elementor-element-14a61a9\" data-id=\"14a61a9\" data-element_type=\"column\" data-e-type=\"column\" data-settings=\"{&quot;background_background&quot;:&quot;classic&quot;}\">\n\t\t\t<div class=\"elementor-widget-wrap elementor-element-populated\">\n\t\t\t\t\t\t<div class=\"elementor-element elementor-element-8ca7ddc elementor-widget elementor-widget-image\" data-id=\"8ca7ddc\" data-element_type=\"widget\" data-e-type=\"widget\" data-widget_type=\"image.default\">\n\t\t\t\t<div class=\"elementor-widget-container\">\n\t\t\t\t\t\t\t\t\t\t\t\t\t\t\t<img decoding=\"async\" width=\"400\" height=\"508\" src=\"https:\/\/www.csslabs.de\/cms20\/wp-content\/uploads\/2020\/11\/AMAneo-Premium-Badget_Haendler_Specialist_web.png\" class=\"attachment-large size-large wp-image-9959\" alt=\"AMAneo Specialist Badget\" srcset=\"https:\/\/www.csslabs.de\/cms20\/wp-content\/uploads\/2020\/11\/AMAneo-Premium-Badget_Haendler_Specialist_web.png 400w, https:\/\/www.csslabs.de\/cms20\/wp-content\/uploads\/2020\/11\/AMAneo-Premium-Badget_Haendler_Specialist_web-236x300.png 236w\" sizes=\"(max-width: 400px) 100vw, 400px\" \/>\t\t\t\t\t\t\t\t\t\t\t\t\t\t\t<\/div>\n\t\t\t\t<\/div>\n\t\t\t\t\t<\/div>\n\t\t<\/div>\n\t\t\t\t<div class=\"elementor-column elementor-col-16 elementor-top-column elementor-element elementor-element-de586c1\" data-id=\"de586c1\" data-element_type=\"column\" data-e-type=\"column\" data-settings=\"{&quot;background_background&quot;:&quot;classic&quot;}\">\n\t\t\t<div class=\"elementor-widget-wrap\">\n\t\t\t\t\t\t\t<\/div>\n\t\t<\/div>\n\t\t\t\t<div class=\"elementor-column elementor-col-16 elementor-top-column elementor-element elementor-element-0d7ce77\" data-id=\"0d7ce77\" data-element_type=\"column\" data-e-type=\"column\" data-settings=\"{&quot;background_background&quot;:&quot;classic&quot;}\">\n\t\t\t<div class=\"elementor-widget-wrap\">\n\t\t\t\t\t\t\t<\/div>\n\t\t<\/div>\n\t\t\t\t<div class=\"elementor-column elementor-col-16 elementor-top-column elementor-element elementor-element-8de68ca elementor-hidden-tablet\" data-id=\"8de68ca\" data-element_type=\"column\" data-e-type=\"column\" data-settings=\"{&quot;background_background&quot;:&quot;classic&quot;}\">\n\t\t\t<div class=\"elementor-widget-wrap\">\n\t\t\t\t\t\t\t<\/div>\n\t\t<\/div>\n\t\t\t\t\t<\/div>\n\t\t<\/section>\n\t\t\t\t<\/div>\n\t\t","protected":false},"excerpt":{"rendered":"<p>Gebiet: Niederlande www.ergo2work.nl info@ergo2work.nl +31 24-3296116 Expertise weitere T\u00e4tigkeiten, weitere T\u00e4tigkeiten, weitere T\u00e4tigkeiten, weitere T\u00e4tigkeiten, weitere T\u00e4tigkeiten, weitere T\u00e4tigkeiten, weitere T\u00e4tigkeiten<\/p>\n","protected":false},"author":7,"featured_media":8657,"parent":0,"menu_order":0,"comment_status":"closed","ping_status":"closed","template":"","meta":{"footnotes":""},"class_list":["post-10693","page","type-page","status-publish","has-post-thumbnail","hentry"],"yoast_head":"<!-- This site is optimized with the Yoast SEO plugin v27.2 - https:\/\/yoast.com\/product\/yoast-seo-wordpress\/ -->\n<title>Fachh\u00e4ndler Ergo2Work Specialist | CSS MicroSystems GmbH<\/title>\n<meta name=\"description\" content=\"Ergo2Work ist einer unserer spezialisierten Fachh\u00e4ndler f\u00fcr unsere zahlreichen Produkte. Lassen Sie sich passend beraten!\" \/>\n<meta name=\"robots\" content=\"index, follow, max-snippet:-1, max-image-preview:large, max-video-preview:-1\" \/>\n<link rel=\"canonical\" href=\"https:\/\/www.csslabs.de\/cms20\/fachhaendler-ergo2work\/\" \/>\n<meta property=\"og:locale\" content=\"de_DE\" \/>\n<meta property=\"og:type\" content=\"article\" \/>\n<meta property=\"og:title\" content=\"Fachh\u00e4ndler Ergo2Work Specialist | CSS MicroSystems GmbH\" \/>\n<meta property=\"og:description\" content=\"Ergo2Work ist einer unserer spezialisierten Fachh\u00e4ndler f\u00fcr unsere zahlreichen Produkte. Lassen Sie sich passend beraten!\" \/>\n<meta property=\"og:url\" content=\"https:\/\/www.csslabs.de\/cms20\/fachhaendler-ergo2work\/\" \/>\n<meta property=\"og:site_name\" content=\"CSS MicroSystems GmbH\" \/>\n<meta property=\"article:publisher\" content=\"https:\/\/www.facebook.com\/css.microsystems\/yoast\" \/>\n<meta property=\"article:modified_time\" content=\"2021-01-22T10:31:28+00:00\" \/>\n<meta property=\"og:image\" content=\"https:\/\/www.csslabs.de\/cms20\/wp-content\/uploads\/2020\/07\/CSSlabs_Ergo2work_Logo2.png\" \/>\n\t<meta property=\"og:image:width\" content=\"400\" \/>\n\t<meta property=\"og:image:height\" content=\"271\" \/>\n\t<meta property=\"og:image:type\" content=\"image\/png\" \/>\n<meta name=\"twitter:card\" content=\"summary_large_image\" \/>\n<meta name=\"twitter:label1\" content=\"Gesch\u00e4tzte Lesezeit\" \/>\n\t<meta name=\"twitter:data1\" content=\"1\u00a0Minute\" \/>\n<script type=\"application\/ld+json\" class=\"yoast-schema-graph\">{\"@context\":\"https:\/\/schema.org\",\"@graph\":[{\"@type\":\"WebPage\",\"@id\":\"https:\/\/www.csslabs.de\/cms20\/fachhaendler-ergo2work\/\",\"url\":\"https:\/\/www.csslabs.de\/cms20\/fachhaendler-ergo2work\/\",\"name\":\"Fachh\u00e4ndler Ergo2Work Specialist | CSS MicroSystems GmbH\",\"isPartOf\":{\"@id\":\"https:\/\/www.csslabs.de\/cms20\/#website\"},\"primaryImageOfPage\":{\"@id\":\"https:\/\/www.csslabs.de\/cms20\/fachhaendler-ergo2work\/#primaryimage\"},\"image\":{\"@id\":\"https:\/\/www.csslabs.de\/cms20\/fachhaendler-ergo2work\/#primaryimage\"},\"thumbnailUrl\":\"https:\/\/www.csslabs.de\/cms20\/wp-content\/uploads\/2020\/07\/CSSlabs_Ergo2work_Logo2.png\",\"datePublished\":\"2020-11-26T11:13:47+00:00\",\"dateModified\":\"2021-01-22T10:31:28+00:00\",\"description\":\"Ergo2Work ist einer unserer spezialisierten Fachh\u00e4ndler f\u00fcr unsere zahlreichen Produkte. Lassen Sie sich passend beraten!\",\"inLanguage\":\"de\",\"potentialAction\":[{\"@type\":\"ReadAction\",\"target\":[\"https:\/\/www.csslabs.de\/cms20\/fachhaendler-ergo2work\/\"]}]},{\"@type\":\"ImageObject\",\"inLanguage\":\"de\",\"@id\":\"https:\/\/www.csslabs.de\/cms20\/fachhaendler-ergo2work\/#primaryimage\",\"url\":\"https:\/\/www.csslabs.de\/cms20\/wp-content\/uploads\/2020\/07\/CSSlabs_Ergo2work_Logo2.png\",\"contentUrl\":\"https:\/\/www.csslabs.de\/cms20\/wp-content\/uploads\/2020\/07\/CSSlabs_Ergo2work_Logo2.png\",\"width\":400,\"height\":271,\"caption\":\"Fachh\u00e4ndler Ergo2work - Specialist\"},{\"@type\":\"WebSite\",\"@id\":\"https:\/\/www.csslabs.de\/cms20\/#website\",\"url\":\"https:\/\/www.csslabs.de\/cms20\/\",\"name\":\"CSS MicroSystems GmbH\",\"description\":\"ASSISTIVE TOOLS FOR A BETTER LIFE\",\"publisher\":{\"@id\":\"https:\/\/www.csslabs.de\/cms20\/#organization\"},\"alternateName\":\"csslabs\",\"potentialAction\":[{\"@type\":\"SearchAction\",\"target\":{\"@type\":\"EntryPoint\",\"urlTemplate\":\"https:\/\/www.csslabs.de\/cms20\/?s={search_term_string}\"},\"query-input\":{\"@type\":\"PropertyValueSpecification\",\"valueRequired\":true,\"valueName\":\"search_term_string\"}}],\"inLanguage\":\"de\"},{\"@type\":\"Organization\",\"@id\":\"https:\/\/www.csslabs.de\/cms20\/#organization\",\"name\":\"CSS MicroSystems GmbH\",\"alternateName\":\"csslabs\",\"url\":\"https:\/\/www.csslabs.de\/cms20\/\",\"logo\":{\"@type\":\"ImageObject\",\"inLanguage\":\"de\",\"@id\":\"https:\/\/www.csslabs.de\/cms20\/#\/schema\/logo\/image\/\",\"url\":\"https:\/\/www.csslabs.de\/cms20\/wp-content\/uploads\/2024\/01\/202001_CSS_FC_ohne-weisse-Hintergrund.webp\",\"contentUrl\":\"https:\/\/www.csslabs.de\/cms20\/wp-content\/uploads\/2024\/01\/202001_CSS_FC_ohne-weisse-Hintergrund.webp\",\"width\":1417,\"height\":1724,\"caption\":\"CSS MicroSystems GmbH\"},\"image\":{\"@id\":\"https:\/\/www.csslabs.de\/cms20\/#\/schema\/logo\/image\/\"},\"sameAs\":[\"https:\/\/www.facebook.com\/css.microsystems\/yoast\",\"https:\/\/www.youtube.com\/channel\/UCWn-SorSpkCvmXG_tau8iqA\/yoast\",\"https:\/\/www.instagram.com\/csslabs.de\/yoast\",\"https:\/\/de.linked.com\/company\/css-mircosystems-gmbh\"]}]}<\/script>\n<!-- \/ Yoast SEO plugin. -->","yoast_head_json":{"title":"Fachh\u00e4ndler Ergo2Work Specialist | CSS MicroSystems GmbH","description":"Ergo2Work ist einer unserer spezialisierten Fachh\u00e4ndler f\u00fcr unsere zahlreichen Produkte. Lassen Sie sich passend beraten!","robots":{"index":"index","follow":"follow","max-snippet":"max-snippet:-1","max-image-preview":"max-image-preview:large","max-video-preview":"max-video-preview:-1"},"canonical":"https:\/\/www.csslabs.de\/cms20\/fachhaendler-ergo2work\/","og_locale":"de_DE","og_type":"article","og_title":"Fachh\u00e4ndler Ergo2Work Specialist | CSS MicroSystems GmbH","og_description":"Ergo2Work ist einer unserer spezialisierten Fachh\u00e4ndler f\u00fcr unsere zahlreichen Produkte. Lassen Sie sich passend beraten!","og_url":"https:\/\/www.csslabs.de\/cms20\/fachhaendler-ergo2work\/","og_site_name":"CSS MicroSystems GmbH","article_publisher":"https:\/\/www.facebook.com\/css.microsystems\/yoast","article_modified_time":"2021-01-22T10:31:28+00:00","og_image":[{"width":400,"height":271,"url":"https:\/\/www.csslabs.de\/cms20\/wp-content\/uploads\/2020\/07\/CSSlabs_Ergo2work_Logo2.png","type":"image\/png"}],"twitter_card":"summary_large_image","twitter_misc":{"Gesch\u00e4tzte Lesezeit":"1\u00a0Minute"},"schema":{"@context":"https:\/\/schema.org","@graph":[{"@type":"WebPage","@id":"https:\/\/www.csslabs.de\/cms20\/fachhaendler-ergo2work\/","url":"https:\/\/www.csslabs.de\/cms20\/fachhaendler-ergo2work\/","name":"Fachh\u00e4ndler Ergo2Work Specialist | CSS MicroSystems GmbH","isPartOf":{"@id":"https:\/\/www.csslabs.de\/cms20\/#website"},"primaryImageOfPage":{"@id":"https:\/\/www.csslabs.de\/cms20\/fachhaendler-ergo2work\/#primaryimage"},"image":{"@id":"https:\/\/www.csslabs.de\/cms20\/fachhaendler-ergo2work\/#primaryimage"},"thumbnailUrl":"https:\/\/www.csslabs.de\/cms20\/wp-content\/uploads\/2020\/07\/CSSlabs_Ergo2work_Logo2.png","datePublished":"2020-11-26T11:13:47+00:00","dateModified":"2021-01-22T10:31:28+00:00","description":"Ergo2Work ist einer unserer spezialisierten Fachh\u00e4ndler f\u00fcr unsere zahlreichen Produkte. Lassen Sie sich passend beraten!","inLanguage":"de","potentialAction":[{"@type":"ReadAction","target":["https:\/\/www.csslabs.de\/cms20\/fachhaendler-ergo2work\/"]}]},{"@type":"ImageObject","inLanguage":"de","@id":"https:\/\/www.csslabs.de\/cms20\/fachhaendler-ergo2work\/#primaryimage","url":"https:\/\/www.csslabs.de\/cms20\/wp-content\/uploads\/2020\/07\/CSSlabs_Ergo2work_Logo2.png","contentUrl":"https:\/\/www.csslabs.de\/cms20\/wp-content\/uploads\/2020\/07\/CSSlabs_Ergo2work_Logo2.png","width":400,"height":271,"caption":"Fachh\u00e4ndler Ergo2work - Specialist"},{"@type":"WebSite","@id":"https:\/\/www.csslabs.de\/cms20\/#website","url":"https:\/\/www.csslabs.de\/cms20\/","name":"CSS MicroSystems GmbH","description":"ASSISTIVE TOOLS FOR A BETTER LIFE","publisher":{"@id":"https:\/\/www.csslabs.de\/cms20\/#organization"},"alternateName":"csslabs","potentialAction":[{"@type":"SearchAction","target":{"@type":"EntryPoint","urlTemplate":"https:\/\/www.csslabs.de\/cms20\/?s={search_term_string}"},"query-input":{"@type":"PropertyValueSpecification","valueRequired":true,"valueName":"search_term_string"}}],"inLanguage":"de"},{"@type":"Organization","@id":"https:\/\/www.csslabs.de\/cms20\/#organization","name":"CSS MicroSystems GmbH","alternateName":"csslabs","url":"https:\/\/www.csslabs.de\/cms20\/","logo":{"@type":"ImageObject","inLanguage":"de","@id":"https:\/\/www.csslabs.de\/cms20\/#\/schema\/logo\/image\/","url":"https:\/\/www.csslabs.de\/cms20\/wp-content\/uploads\/2024\/01\/202001_CSS_FC_ohne-weisse-Hintergrund.webp","contentUrl":"https:\/\/www.csslabs.de\/cms20\/wp-content\/uploads\/2024\/01\/202001_CSS_FC_ohne-weisse-Hintergrund.webp","width":1417,"height":1724,"caption":"CSS MicroSystems GmbH"},"image":{"@id":"https:\/\/www.csslabs.de\/cms20\/#\/schema\/logo\/image\/"},"sameAs":["https:\/\/www.facebook.com\/css.microsystems\/yoast","https:\/\/www.youtube.com\/channel\/UCWn-SorSpkCvmXG_tau8iqA\/yoast","https:\/\/www.instagram.com\/csslabs.de\/yoast","https:\/\/de.linked.com\/company\/css-mircosystems-gmbh"]}]}},"_links":{"self":[{"href":"https:\/\/www.csslabs.de\/cms20\/wp-json\/wp\/v2\/pages\/10693","targetHints":{"allow":["GET"]}}],"collection":[{"href":"https:\/\/www.csslabs.de\/cms20\/wp-json\/wp\/v2\/pages"}],"about":[{"href":"https:\/\/www.csslabs.de\/cms20\/wp-json\/wp\/v2\/types\/page"}],"author":[{"embeddable":true,"href":"https:\/\/www.csslabs.de\/cms20\/wp-json\/wp\/v2\/users\/7"}],"replies":[{"embeddable":true,"href":"https:\/\/www.csslabs.de\/cms20\/wp-json\/wp\/v2\/comments?post=10693"}],"version-history":[{"count":13,"href":"https:\/\/www.csslabs.de\/cms20\/wp-json\/wp\/v2\/pages\/10693\/revisions"}],"predecessor-version":[{"id":11420,"href":"https:\/\/www.csslabs.de\/cms20\/wp-json\/wp\/v2\/pages\/10693\/revisions\/11420"}],"wp:featuredmedia":[{"embeddable":true,"href":"https:\/\/www.csslabs.de\/cms20\/wp-json\/wp\/v2\/media\/8657"}],"wp:attachment":[{"href":"https:\/\/www.csslabs.de\/cms20\/wp-json\/wp\/v2\/media?parent=10693"}],"curies":[{"name":"wp","href":"https:\/\/api.w.org\/{rel}","templated":true}]}}