{"id":10694,"date":"2020-11-26T12:13:47","date_gmt":"2020-11-26T11:13:47","guid":{"rendered":"https:\/\/www.csslabs.de\/cms20\/?page_id=10694"},"modified":"2021-01-22T11:31:18","modified_gmt":"2021-01-22T10:31:18","slug":"reseller-ergo2work","status":"publish","type":"page","link":"https:\/\/www.csslabs.de\/cms20\/en\/reseller-ergo2work\/","title":{"rendered":"Reseller Ergo2Work"},"content":{"rendered":"\t\t<div data-elementor-type=\"wp-page\" data-elementor-id=\"10694\" class=\"elementor elementor-10694 elementor-10693\">\n\t\t\t\t\t\t<section class=\"elementor-section elementor-top-section elementor-element elementor-element-46b615b elementor-section-full_width elementor-section-height-default elementor-section-height-default elementor-invisible\" data-id=\"46b615b\" data-element_type=\"section\" data-e-type=\"section\" data-settings=\"{&quot;animation&quot;:&quot;fadeIn&quot;,&quot;background_background&quot;:&quot;classic&quot;}\">\n\t\t\t\t\t\t<div class=\"elementor-container elementor-column-gap-default\">\n\t\t\t\t\t<div class=\"elementor-column elementor-col-16 elementor-top-column elementor-element elementor-element-51c8a13\" data-id=\"51c8a13\" data-element_type=\"column\" data-e-type=\"column\" data-settings=\"{&quot;background_background&quot;:&quot;classic&quot;}\">\n\t\t\t<div class=\"elementor-widget-wrap\">\n\t\t\t\t\t\t\t<\/div>\n\t\t<\/div>\n\t\t\t\t<div class=\"elementor-column elementor-col-16 elementor-top-column elementor-element elementor-element-6e9fabf\" data-id=\"6e9fabf\" data-element_type=\"column\" data-e-type=\"column\" data-settings=\"{&quot;background_background&quot;:&quot;classic&quot;}\">\n\t\t\t<div class=\"elementor-widget-wrap elementor-element-populated\">\n\t\t\t\t\t\t<div class=\"elementor-element elementor-element-f049444 elementor-widget elementor-widget-image\" data-id=\"f049444\" data-element_type=\"widget\" data-e-type=\"widget\" data-widget_type=\"image.default\">\n\t\t\t\t<div class=\"elementor-widget-container\">\n\t\t\t\t\t\t\t\t\t\t\t\t\t\t\t\t<a href=\"https:\/\/ergo2work.nl\/\">\n\t\t\t\t\t\t\t<img fetchpriority=\"high\" decoding=\"async\" width=\"400\" height=\"271\" src=\"https:\/\/www.csslabs.de\/cms20\/wp-content\/uploads\/2020\/07\/CSSlabs_Ergo2work_Logo2.png\" class=\"attachment-medium_large size-medium_large wp-image-8658\" alt=\"Reseller Ergo2work - Specialist\" srcset=\"https:\/\/www.csslabs.de\/cms20\/wp-content\/uploads\/2020\/07\/CSSlabs_Ergo2work_Logo2.png 400w, https:\/\/www.csslabs.de\/cms20\/wp-content\/uploads\/2020\/07\/CSSlabs_Ergo2work_Logo2-300x203.png 300w\" sizes=\"(max-width: 400px) 100vw, 400px\" \/>\t\t\t\t\t\t\t\t<\/a>\n\t\t\t\t\t\t\t\t\t\t\t\t\t\t\t<\/div>\n\t\t\t\t<\/div>\n\t\t\t\t<div class=\"elementor-element elementor-element-f1e16a0 section-align-left section-size-default subtitle-style-default elementor-widget elementor-widget-section-heading\" data-id=\"f1e16a0\" data-element_type=\"widget\" data-e-type=\"widget\" data-widget_type=\"section-heading.default\">\n\t\t\t\t<div class=\"elementor-widget-container\">\n\t\t\t\t\t<div class=\"section-heading headingstyle-default\"><div class=\"section-title-wrapper\"><h4 class=\"entry-title section-title\">\n<\/h4><\/div><div class=\"section-description clearfix\"><div class=\"section-description-inner\"><p><strong>Area:<\/strong><br \/>\nNetherlands<\/p>\n<p><span role=\"link\" aria-label=\"04283 955728 anrufen\"><a href=\"https:\/\/ergo2work.nl\/\">www.ergo2work.nl<\/a><br \/>\n<a href=\"mailto:info@ergo2work.nl\">info@ergo2work.nl<\/a><br \/>\n+31 24-3296116<br \/>\n<\/span><\/p>\n<p><span role=\"link\" aria-label=\"04283 955728 anrufen\"> <\/span><\/p>\n<\/div><\/div><\/div>\t\t\t\t<\/div>\n\t\t\t\t<\/div>\n\t\t\t\t<div class=\"elementor-element elementor-element-cad92e9 section-align-left elementor-hidden-desktop elementor-hidden-tablet elementor-hidden-phone section-size-default subtitle-style-default elementor-widget elementor-widget-section-heading\" data-id=\"cad92e9\" data-element_type=\"widget\" data-e-type=\"widget\" data-widget_type=\"section-heading.default\">\n\t\t\t\t<div class=\"elementor-widget-container\">\n\t\t\t\t\t<div class=\"section-heading headingstyle-default\"><div class=\"section-title-wrapper\"><h4 class=\"entry-title section-title\">Expertise<\/h4><\/div><div class=\"section-description clearfix\"><div class=\"section-description-inner\"><p>weitere T\u00e4tigkeiten, weitere T\u00e4tigkeiten, weitere T\u00e4tigkeiten, weitere T\u00e4tigkeiten, weitere T\u00e4tigkeiten, weitere T\u00e4tigkeiten, weitere T\u00e4tigkeiten<\/p>\n<\/div><\/div><\/div>\t\t\t\t<\/div>\n\t\t\t\t<\/div>\n\t\t\t\t\t<\/div>\n\t\t<\/div>\n\t\t\t\t<div class=\"elementor-column elementor-col-16 elementor-top-column elementor-element elementor-element-14a61a9\" data-id=\"14a61a9\" data-element_type=\"column\" data-e-type=\"column\" data-settings=\"{&quot;background_background&quot;:&quot;classic&quot;}\">\n\t\t\t<div class=\"elementor-widget-wrap elementor-element-populated\">\n\t\t\t\t\t\t<div class=\"elementor-element elementor-element-8ca7ddc elementor-widget elementor-widget-image\" data-id=\"8ca7ddc\" data-element_type=\"widget\" data-e-type=\"widget\" data-widget_type=\"image.default\">\n\t\t\t\t<div class=\"elementor-widget-container\">\n\t\t\t\t\t\t\t\t\t\t\t\t\t\t\t<img decoding=\"async\" width=\"400\" height=\"508\" src=\"https:\/\/www.csslabs.de\/cms20\/wp-content\/uploads\/2020\/11\/AMAneo-Premium-Badget_Haendler_Specialist_web.png\" class=\"attachment-large size-large wp-image-9960\" alt=\"AMAneo Specialist Badget\" srcset=\"https:\/\/www.csslabs.de\/cms20\/wp-content\/uploads\/2020\/11\/AMAneo-Premium-Badget_Haendler_Specialist_web.png 400w, https:\/\/www.csslabs.de\/cms20\/wp-content\/uploads\/2020\/11\/AMAneo-Premium-Badget_Haendler_Specialist_web-236x300.png 236w\" sizes=\"(max-width: 400px) 100vw, 400px\" \/>\t\t\t\t\t\t\t\t\t\t\t\t\t\t\t<\/div>\n\t\t\t\t<\/div>\n\t\t\t\t\t<\/div>\n\t\t<\/div>\n\t\t\t\t<div class=\"elementor-column elementor-col-16 elementor-top-column elementor-element elementor-element-de586c1\" data-id=\"de586c1\" data-element_type=\"column\" data-e-type=\"column\" data-settings=\"{&quot;background_background&quot;:&quot;classic&quot;}\">\n\t\t\t<div class=\"elementor-widget-wrap\">\n\t\t\t\t\t\t\t<\/div>\n\t\t<\/div>\n\t\t\t\t<div class=\"elementor-column elementor-col-16 elementor-top-column elementor-element elementor-element-0d7ce77\" data-id=\"0d7ce77\" data-element_type=\"column\" data-e-type=\"column\" data-settings=\"{&quot;background_background&quot;:&quot;classic&quot;}\">\n\t\t\t<div class=\"elementor-widget-wrap\">\n\t\t\t\t\t\t\t<\/div>\n\t\t<\/div>\n\t\t\t\t<div class=\"elementor-column elementor-col-16 elementor-top-column elementor-element elementor-element-8de68ca elementor-hidden-tablet\" data-id=\"8de68ca\" data-element_type=\"column\" data-e-type=\"column\" data-settings=\"{&quot;background_background&quot;:&quot;classic&quot;}\">\n\t\t\t<div class=\"elementor-widget-wrap\">\n\t\t\t\t\t\t\t<\/div>\n\t\t<\/div>\n\t\t\t\t\t<\/div>\n\t\t<\/section>\n\t\t\t\t<\/div>\n\t\t","protected":false},"excerpt":{"rendered":"<p>Area: Netherlands www.ergo2work.nl info@ergo2work.nl +31 24-3296116 Expertise weitere T\u00e4tigkeiten, weitere T\u00e4tigkeiten, weitere T\u00e4tigkeiten, weitere T\u00e4tigkeiten, weitere T\u00e4tigkeiten, weitere T\u00e4tigkeiten, weitere T\u00e4tigkeiten<\/p>\n","protected":false},"author":7,"featured_media":8658,"parent":0,"menu_order":0,"comment_status":"closed","ping_status":"closed","template":"","meta":{"footnotes":""},"class_list":["post-10694","page","type-page","status-publish","has-post-thumbnail","hentry"],"yoast_head":"<!-- This site is optimized with the Yoast SEO plugin v27.2 - https:\/\/yoast.com\/product\/yoast-seo-wordpress\/ -->\n<title>Reseller Ergo2Work Specialist | CSS MicroSystems GmbH<\/title>\n<meta name=\"description\" content=\"Ergo2Work is one of our specialized dealers for our numerous products. Let us advise you appropriately!\" \/>\n<meta name=\"robots\" content=\"index, follow, max-snippet:-1, max-image-preview:large, max-video-preview:-1\" \/>\n<link rel=\"canonical\" href=\"https:\/\/www.csslabs.de\/cms20\/en\/reseller-ergo2work\/\" \/>\n<meta property=\"og:locale\" content=\"en_US\" \/>\n<meta property=\"og:type\" content=\"article\" \/>\n<meta property=\"og:title\" content=\"Reseller Ergo2Work Specialist | CSS MicroSystems GmbH\" \/>\n<meta property=\"og:description\" content=\"Ergo2Work is one of our specialized dealers for our numerous products. Let us advise you appropriately!\" \/>\n<meta property=\"og:url\" content=\"https:\/\/www.csslabs.de\/cms20\/en\/reseller-ergo2work\/\" \/>\n<meta property=\"og:site_name\" content=\"CSS MicroSystems GmbH\" \/>\n<meta property=\"article:publisher\" content=\"https:\/\/www.facebook.com\/css.microsystems\/yoast\" \/>\n<meta property=\"article:modified_time\" content=\"2021-01-22T10:31:18+00:00\" \/>\n<meta property=\"og:image\" content=\"https:\/\/www.csslabs.de\/cms20\/wp-content\/uploads\/2020\/07\/CSSlabs_Ergo2work_Logo2.png\" \/>\n\t<meta property=\"og:image:width\" content=\"400\" \/>\n\t<meta property=\"og:image:height\" content=\"271\" \/>\n\t<meta property=\"og:image:type\" content=\"image\/png\" \/>\n<meta name=\"twitter:card\" content=\"summary_large_image\" \/>\n<script type=\"application\/ld+json\" class=\"yoast-schema-graph\">{\"@context\":\"https:\/\/schema.org\",\"@graph\":[{\"@type\":\"WebPage\",\"@id\":\"https:\/\/www.csslabs.de\/cms20\/en\/reseller-ergo2work\/\",\"url\":\"https:\/\/www.csslabs.de\/cms20\/en\/reseller-ergo2work\/\",\"name\":\"Reseller Ergo2Work Specialist | CSS MicroSystems GmbH\",\"isPartOf\":{\"@id\":\"https:\/\/www.csslabs.de\/cms20\/en\/#website\"},\"primaryImageOfPage\":{\"@id\":\"https:\/\/www.csslabs.de\/cms20\/en\/reseller-ergo2work\/#primaryimage\"},\"image\":{\"@id\":\"https:\/\/www.csslabs.de\/cms20\/en\/reseller-ergo2work\/#primaryimage\"},\"thumbnailUrl\":\"https:\/\/www.csslabs.de\/cms20\/wp-content\/uploads\/2020\/07\/CSSlabs_Ergo2work_Logo2.png\",\"datePublished\":\"2020-11-26T11:13:47+00:00\",\"dateModified\":\"2021-01-22T10:31:18+00:00\",\"description\":\"Ergo2Work is one of our specialized dealers for our numerous products. Let us advise you appropriately!\",\"inLanguage\":\"en-US\",\"potentialAction\":[{\"@type\":\"ReadAction\",\"target\":[\"https:\/\/www.csslabs.de\/cms20\/en\/reseller-ergo2work\/\"]}]},{\"@type\":\"ImageObject\",\"inLanguage\":\"en-US\",\"@id\":\"https:\/\/www.csslabs.de\/cms20\/en\/reseller-ergo2work\/#primaryimage\",\"url\":\"https:\/\/www.csslabs.de\/cms20\/wp-content\/uploads\/2020\/07\/CSSlabs_Ergo2work_Logo2.png\",\"contentUrl\":\"https:\/\/www.csslabs.de\/cms20\/wp-content\/uploads\/2020\/07\/CSSlabs_Ergo2work_Logo2.png\",\"width\":400,\"height\":271,\"caption\":\"Reseller Ergo2work - Specialist\"},{\"@type\":\"WebSite\",\"@id\":\"https:\/\/www.csslabs.de\/cms20\/en\/#website\",\"url\":\"https:\/\/www.csslabs.de\/cms20\/en\/\",\"name\":\"CSS MicroSystems GmbH\",\"description\":\"ASSISTIVE TOOLS FOR A BETTER LIFE\",\"publisher\":{\"@id\":\"https:\/\/www.csslabs.de\/cms20\/en\/#organization\"},\"alternateName\":\"csslabs\",\"potentialAction\":[{\"@type\":\"SearchAction\",\"target\":{\"@type\":\"EntryPoint\",\"urlTemplate\":\"https:\/\/www.csslabs.de\/cms20\/en\/?s={search_term_string}\"},\"query-input\":{\"@type\":\"PropertyValueSpecification\",\"valueRequired\":true,\"valueName\":\"search_term_string\"}}],\"inLanguage\":\"en-US\"},{\"@type\":\"Organization\",\"@id\":\"https:\/\/www.csslabs.de\/cms20\/en\/#organization\",\"name\":\"CSS MicroSystems GmbH\",\"alternateName\":\"csslabs\",\"url\":\"https:\/\/www.csslabs.de\/cms20\/en\/\",\"logo\":{\"@type\":\"ImageObject\",\"inLanguage\":\"en-US\",\"@id\":\"https:\/\/www.csslabs.de\/cms20\/en\/#\/schema\/logo\/image\/\",\"url\":\"https:\/\/www.csslabs.de\/cms20\/wp-content\/uploads\/2024\/01\/202001_CSS_FC_ohne-weisse-Hintergrund.webp\",\"contentUrl\":\"https:\/\/www.csslabs.de\/cms20\/wp-content\/uploads\/2024\/01\/202001_CSS_FC_ohne-weisse-Hintergrund.webp\",\"width\":1417,\"height\":1724,\"caption\":\"CSS MicroSystems GmbH\"},\"image\":{\"@id\":\"https:\/\/www.csslabs.de\/cms20\/en\/#\/schema\/logo\/image\/\"},\"sameAs\":[\"https:\/\/www.facebook.com\/css.microsystems\/yoast\",\"https:\/\/www.youtube.com\/channel\/UCWn-SorSpkCvmXG_tau8iqA\/yoast\",\"https:\/\/www.instagram.com\/csslabs.de\/yoast\",\"https:\/\/de.linked.com\/company\/css-mircosystems-gmbh\"]}]}<\/script>\n<!-- \/ Yoast SEO plugin. -->","yoast_head_json":{"title":"Reseller Ergo2Work Specialist | CSS MicroSystems GmbH","description":"Ergo2Work is one of our specialized dealers for our numerous products. Let us advise you appropriately!","robots":{"index":"index","follow":"follow","max-snippet":"max-snippet:-1","max-image-preview":"max-image-preview:large","max-video-preview":"max-video-preview:-1"},"canonical":"https:\/\/www.csslabs.de\/cms20\/en\/reseller-ergo2work\/","og_locale":"en_US","og_type":"article","og_title":"Reseller Ergo2Work Specialist | CSS MicroSystems GmbH","og_description":"Ergo2Work is one of our specialized dealers for our numerous products. Let us advise you appropriately!","og_url":"https:\/\/www.csslabs.de\/cms20\/en\/reseller-ergo2work\/","og_site_name":"CSS MicroSystems GmbH","article_publisher":"https:\/\/www.facebook.com\/css.microsystems\/yoast","article_modified_time":"2021-01-22T10:31:18+00:00","og_image":[{"width":400,"height":271,"url":"https:\/\/www.csslabs.de\/cms20\/wp-content\/uploads\/2020\/07\/CSSlabs_Ergo2work_Logo2.png","type":"image\/png"}],"twitter_card":"summary_large_image","schema":{"@context":"https:\/\/schema.org","@graph":[{"@type":"WebPage","@id":"https:\/\/www.csslabs.de\/cms20\/en\/reseller-ergo2work\/","url":"https:\/\/www.csslabs.de\/cms20\/en\/reseller-ergo2work\/","name":"Reseller Ergo2Work Specialist | CSS MicroSystems GmbH","isPartOf":{"@id":"https:\/\/www.csslabs.de\/cms20\/en\/#website"},"primaryImageOfPage":{"@id":"https:\/\/www.csslabs.de\/cms20\/en\/reseller-ergo2work\/#primaryimage"},"image":{"@id":"https:\/\/www.csslabs.de\/cms20\/en\/reseller-ergo2work\/#primaryimage"},"thumbnailUrl":"https:\/\/www.csslabs.de\/cms20\/wp-content\/uploads\/2020\/07\/CSSlabs_Ergo2work_Logo2.png","datePublished":"2020-11-26T11:13:47+00:00","dateModified":"2021-01-22T10:31:18+00:00","description":"Ergo2Work is one of our specialized dealers for our numerous products. Let us advise you appropriately!","inLanguage":"en-US","potentialAction":[{"@type":"ReadAction","target":["https:\/\/www.csslabs.de\/cms20\/en\/reseller-ergo2work\/"]}]},{"@type":"ImageObject","inLanguage":"en-US","@id":"https:\/\/www.csslabs.de\/cms20\/en\/reseller-ergo2work\/#primaryimage","url":"https:\/\/www.csslabs.de\/cms20\/wp-content\/uploads\/2020\/07\/CSSlabs_Ergo2work_Logo2.png","contentUrl":"https:\/\/www.csslabs.de\/cms20\/wp-content\/uploads\/2020\/07\/CSSlabs_Ergo2work_Logo2.png","width":400,"height":271,"caption":"Reseller Ergo2work - Specialist"},{"@type":"WebSite","@id":"https:\/\/www.csslabs.de\/cms20\/en\/#website","url":"https:\/\/www.csslabs.de\/cms20\/en\/","name":"CSS MicroSystems GmbH","description":"ASSISTIVE TOOLS FOR A BETTER LIFE","publisher":{"@id":"https:\/\/www.csslabs.de\/cms20\/en\/#organization"},"alternateName":"csslabs","potentialAction":[{"@type":"SearchAction","target":{"@type":"EntryPoint","urlTemplate":"https:\/\/www.csslabs.de\/cms20\/en\/?s={search_term_string}"},"query-input":{"@type":"PropertyValueSpecification","valueRequired":true,"valueName":"search_term_string"}}],"inLanguage":"en-US"},{"@type":"Organization","@id":"https:\/\/www.csslabs.de\/cms20\/en\/#organization","name":"CSS MicroSystems GmbH","alternateName":"csslabs","url":"https:\/\/www.csslabs.de\/cms20\/en\/","logo":{"@type":"ImageObject","inLanguage":"en-US","@id":"https:\/\/www.csslabs.de\/cms20\/en\/#\/schema\/logo\/image\/","url":"https:\/\/www.csslabs.de\/cms20\/wp-content\/uploads\/2024\/01\/202001_CSS_FC_ohne-weisse-Hintergrund.webp","contentUrl":"https:\/\/www.csslabs.de\/cms20\/wp-content\/uploads\/2024\/01\/202001_CSS_FC_ohne-weisse-Hintergrund.webp","width":1417,"height":1724,"caption":"CSS MicroSystems GmbH"},"image":{"@id":"https:\/\/www.csslabs.de\/cms20\/en\/#\/schema\/logo\/image\/"},"sameAs":["https:\/\/www.facebook.com\/css.microsystems\/yoast","https:\/\/www.youtube.com\/channel\/UCWn-SorSpkCvmXG_tau8iqA\/yoast","https:\/\/www.instagram.com\/csslabs.de\/yoast","https:\/\/de.linked.com\/company\/css-mircosystems-gmbh"]}]}},"_links":{"self":[{"href":"https:\/\/www.csslabs.de\/cms20\/en\/wp-json\/wp\/v2\/pages\/10694","targetHints":{"allow":["GET"]}}],"collection":[{"href":"https:\/\/www.csslabs.de\/cms20\/en\/wp-json\/wp\/v2\/pages"}],"about":[{"href":"https:\/\/www.csslabs.de\/cms20\/en\/wp-json\/wp\/v2\/types\/page"}],"author":[{"embeddable":true,"href":"https:\/\/www.csslabs.de\/cms20\/en\/wp-json\/wp\/v2\/users\/7"}],"replies":[{"embeddable":true,"href":"https:\/\/www.csslabs.de\/cms20\/en\/wp-json\/wp\/v2\/comments?post=10694"}],"version-history":[{"count":3,"href":"https:\/\/www.csslabs.de\/cms20\/en\/wp-json\/wp\/v2\/pages\/10694\/revisions"}],"predecessor-version":[{"id":10708,"href":"https:\/\/www.csslabs.de\/cms20\/en\/wp-json\/wp\/v2\/pages\/10694\/revisions\/10708"}],"wp:featuredmedia":[{"embeddable":true,"href":"https:\/\/www.csslabs.de\/cms20\/en\/wp-json\/wp\/v2\/media\/8658"}],"wp:attachment":[{"href":"https:\/\/www.csslabs.de\/cms20\/en\/wp-json\/wp\/v2\/media?parent=10694"}],"curies":[{"name":"wp","href":"https:\/\/api.w.org\/{rel}","templated":true}]}}